{"id":2098,"date":"2024-04-16T15:38:32","date_gmt":"2024-04-16T15:38:32","guid":{"rendered":"https:\/\/new.esensamediterana.com\/?page_id=2098"},"modified":"2025-04-28T19:27:50","modified_gmt":"2025-04-28T19:27:50","slug":"politika-privatnosti","status":"publish","type":"page","link":"https:\/\/new.esensamediterana.com\/hr\/politika-privatnosti\/","title":{"rendered":"Politika privatnosti"},"content":{"rendered":"\t\t<div data-elementor-type=\"wp-page\" data-elementor-id=\"2098\" class=\"elementor elementor-2098 elementor-3\" data-elementor-post-type=\"page\">\n\t\t\t\t<div class=\"elementor-element elementor-element-1c11eeb7 e-flex e-con-boxed e-con e-parent\" data-id=\"1c11eeb7\" data-element_type=\"container\" data-e-type=\"container\">\n\t\t\t\t\t<div class=\"e-con-inner\">\n\t\t\t\t<div class=\"elementor-element elementor-element-7c16bb0 elementor-widget elementor-widget-text-editor\" data-id=\"7c16bb0\" data-element_type=\"widget\" data-e-type=\"widget\" data-widget_type=\"text-editor.default\">\n\t\t\t\t<div class=\"elementor-widget-container\">\n\t\t\t\t\t\t\t\t\t<p><strong>1. Tko smo mi?<\/strong><\/p>\n<p>Mi smo DERMOESTETIK GROUP D.O.O., ulica rijeke Dragonje 1, Inudstrijska zona Vidal, 52466 Novigrad \u2013 Cittanova, Hrvatska (u daljnjem tekstu kao \u201eDERMOESTETIK GROUP\u201c)<br \/>Mo\u017eete nas kontaktirati putem kontakt obrazca na na\u0161oj stranici, putem e-maila info@dermoestetik.hr ili putem po\u0161te na adresu ulica rijeke Dragonje 1, Inudstrijska zona Vidal, 52466 Novigrad \u2013 Cittanova, Hrvatska<\/p>\n<p><strong>2. \u0160to obuhva\u0107a ova izjava o sigurnosti i privatnosti<\/strong><\/p>\n<p>Ova Izjava se odnosi na na\u0161u web stranicu esensamediterana.com i ostale usluge koje pru\u017eamo (u daljnjem tekstu \u201eServisi\u201c).<br \/>Izjava o sigurnosti i privatnosti se odnosi na osobne podatke i op\u0107enite podatke koje prikupljamo od Vas dok koristite Servise.<br \/>Po\u0161tujemo Va\u0161e pravo na privatnost i obra\u0111ujemo samo osobne podatke u skladu s odgovaraju\u0107im odredbama za\u0161tite privatnosti u Europskoj uniji i izvan nje.<br \/>Tvrtka DERMOESTETIK GROUP sura\u0111uje s pouzdanim partnerima poput Google LLC za analiti\u010dke alate (u daljnjem tekstu \u201cPartneri\u201d).<br \/>Za osobne podatke obuhva\u0107ene ovom Izjavom o sigurnosti i privatnosti koju koristi web stranica, DERMOESTETIK GROUP je voditelj obrade (eng. data controller) pod Op\u0107om uredbom o za\u0161titi osobnih podataka (GDPR).<\/p>\n<p><strong>3. Podaci koje prikupljamo<\/strong><\/p>\n<p>Kada kupujete ne\u0161to iz na\u0161e trgovine, kao dio postupka kupnje i prodaje, prikupljamo osobne podatke koje nam dajete kao \u0161to su; va\u0161e ime, adresa, kontakt telefon, adresa e-po\u0161te, naziv tvrtke i OIB tvrtke (ako tra\u017eite R1) ukoliko kupujete kao gost ili ukoliko se registrirate i otvorite svoj profil kupca tada prikupljamo i korisni\u010dko ime i lozinku. Lozinka se u na\u0161u bazu sprema u kriptiranom obliku te nama nije dostupna. Vi ste zadu\u017eeni za \u010duvanje navedenih podataka i molimo Vas da ne dijelite navedene podatke s drugima.<br \/>Svi gore navedeni podaci su za\u0161ti\u0107eni lozinkom Va\u0161eg korisni\u010dkog ra\u010duna. Ukoliko kupujete kao Gost, Va\u0161e informacije biti \u0107e vidljive nama kao vlasnicima jednokratno, prilikom kupnje, te se ne\u0107e nigdje javno objavljivati.<br \/>Dok koristite na\u0161e web stranice mo\u017eemo prikupljati tehni\u010dke podatke o ure\u0111ajima s kojima pristupate na\u0161oj stranici, uklju\u010duju\u0107i: Internet i\/ili mobilnu vezu (uklju\u010duje IP adresu), podatke o marki mobilnog ure\u0111aja, Va\u0161 operacijski sustav koji koristite, tip preglednika (eng. browsera). Sve gore navedeni podaci su podaci na\u0161ih korisnika i ne odaju osobne podatke.<br \/>Marketing e-po\u0161te (ako je primjenjivo): s Va\u0161im dopu\u0161tenjem mo\u017eemo Vam poslati e-po\u0161tu o na\u0161oj trgovini, novim proizvodima i drugim a\u017euriranjima.<\/p>\n<p><strong>4. Kako prikupljamo podatke o Vama<\/strong><\/p>\n<p>U mogu\u0107nosti smo prikupiti, obraditi i koristiti podatke o Vama u idu\u0107im situacijama:<br \/>1. podatke koje upisujete dok koristite servise<br \/>2. podatke koje dobijemo kada nas kontaktirate putem kontakt obrasca ili e-mail adrese<\/p>\n<p><strong>5. Kola\u010di\u0107i (eng. cookies)<\/strong><\/p>\n<p>Upotrebljavamo kola\u010di\u0107e kako bi o Vama prikupljali informacije i pohranili Va\u0161e odabrane postavke na mre\u017ei. Kola\u010di\u0107i su tekstualne datoteke koje sadr\u017ee male koli\u010dine informacija koje se preuzimaju na Va\u0161 ure\u0111aj kada posjetite neku internetsku stranicu. Kada tu stranicu ponovno posjetite, kola\u010di\u0107i se vra\u0107aju pripadaju\u0107oj internetskoj stranici: to je korisno jer takvoj internetskoj stranici omogu\u0107uje da prepozna Va\u0161 ure\u0111aj. Za vi\u0161e informacija o kola\u010di\u0107ima, posjetite www.allaboutcookies.org<\/p>\n<p>Upotrebaljavamo slijede\u0107e kategorije kola\u010di\u0107a na stranici:<\/p>\n<p>Kategorija 1: Strogo neophodni kola\u010di\u0107i (eng. session cookies)<br \/>Ovi su kola\u010di\u0107i nu\u017eni kako bi Vam omogu\u0107ili kretanje po Stranici i uporabu njezinih zna\u010dajki. Bez tih kola\u010di\u0107a ne mogu Vam se pru\u017eiti usluge koje ste zatra\u017eili.<\/p>\n<p>Kategorija 2: Funkcionalni kola\u010di\u0107i (eng. persistent cookies)<br \/>Ovi kola\u010di\u0107i pamte Va\u0161e odabire. Takvi se podaci potom mogu upotrijebiti kako bi Vam se osiguralo iskustvo koje je prikladnije Va\u0161im odabirima i posje\u0107ivanje stranice koje je prilago\u0111enije Va\u0161im potrebama i navikama. Informacije koje prikupljaju ovi kola\u010di\u0107i mogu biti u anonimnom obliku i ovi kola\u010di\u0107i ne mogu pratiti Va\u0161u aktivnost pregledavanja na drugim internetskim stranicama.<\/p>\n<p>Kategorija 3: Kola\u010di\u0107i tre\u0107ih strana<br \/>Google Analytics \u2013 servis za analizu posjeta stranici i unaprje\u0111enje sadr\u017eaja<br \/>Ovi kola\u010di\u0107i prikupljaju informacije o tome kako se korisnici koriste stranicom. Primjerice, mi upotrebljavamo ove kola\u010di\u0107e kako bi nam pomogli razumjeti kako korisnici dolaze na stranicu, koje stranice naj\u010de\u0161\u0107e pregledavaju ili kako upotrebljavaju Stranicu. Tako prikupljamo statisti\u010dke i druge informacije koje koristimo kako bismo mogli pobolj\u0161ati funkcionalnost na\u0161ih stranica, kao \u0161to su navigacija i korisni\u010dko iskustvo. Ovi kola\u010di\u0107i sve informacije prikupljaju zbirno i stoga su takve informacije anonimne.<\/p>\n<p>Ako \u017eelite izbrisati bilo koje kola\u010di\u0107e koji su ve\u0107 na Va\u0161em ra\u010dunalu, na internetskom pregledniku, u dijelu vezanom uz pomo\u0107 i podr\u0161ku, potra\u017eite upute za pronala\u017eenje datoteke ili direktorija koji pohranjuje kola\u010di\u0107e. Imajte na umu da brisanjem kola\u010di\u0107a (ili onemogu\u0107avanjem budu\u0107ih kola\u010di\u0107a) mo\u017eda ne\u0107ete mo\u0107i pristupiti odre\u0111enim dijelovima ili zna\u010dajkama stranice.<\/p>\n<p><strong>6. Kako koristimo Va\u0161e podatke?<\/strong><\/p>\n<p>Va\u0161e podatakte obra\u0111ujemo isklju\u010divo kako bi mogli ispuniti uslugu servisa koji ste koristili, da ispunimo pravne obveze (npr. ra\u010dunovodstvo) ili iz drugih razloga koji su bitni da Vas dr\u017eimo obavije\u0161tenim\/om kako bismo Vas za\u0161titili od prijevare. Za sve ostale svrhe \u0107emo Vas uvijek pitati za dozvolu i nuditi mogu\u0107nost povla\u010denja te dozvole u bilo kojem trenutku. Va\u0161e osobne podatke mo\u017eemo otkriti ako je to zakonski zahtijevano ili ako kr\u0161ite na\u0161e Uvjete kori\u0161tenja ili Uvjete kupnje. Va\u0161e podatke ne prodajemo drugim servisima niti partnerima, niti na bilo koji na\u010din ugro\u017eavamo va\u0161u privatnost niti sigurnost.<\/p>\n<p><strong>7. Kako upravljamo Va\u0161im podacima<\/strong><\/p>\n<p>Podaci koje unosite putem web stranice smje\u0161teni su na serveru koji se nalazi unutar Europske unije i kojem samo mi kao vlasnici imamo pristup. Na serveru se redovito provode mjere za\u0161tite osobnih podataka protiv neovla\u0161tenog ili nezakonitog postupanja, slu\u010dajnog gubitka uni\u0161tavanja ili o\u0161te\u0107enja. Server se nalazi smje\u0161ten u vrhunski osiguranim datacentrima sa kontrolom pristupa i sigurnosnim sustavima.<\/p>\n<p>Koliko dugo \u010duvamo Va\u0161e podatke?<br \/>Osobne podatke \u010duvamo dokle god je to potrebno u svrhu ispunjenja obveza pokrivenih ovom Izjavom o sigurnosti i privatnosti. U iznimnim slu\u010dajevima kada to nala\u017ee zakon, ra\u010dunovodstvo ili neka druga zakonska pravila\/obaveza, rok \u010duvanja Va\u0161ih podataka mo\u017ee biti du\u017ei od navedenog. Ukoliko vi\u0161e ne\u0107emo imati razloga za \u010duvanje Va\u0161ih podataka isti \u0107e biti obrisani odnosno uni\u0161teni. Va\u0161i podaci se pohranjuju dokle god koristite na\u0161e servise. Ukoliko odlu\u010dite prestati koristiti na\u0161e servise odre\u0111eni podaci prikupljeni o Vama ostati \u0107e u svrhu ispunjenja poreznih, pravnih i ra\u010dunovodstvenih obveza.<\/p>\n<p>Kako mo\u017eete povu\u0107i pristanak?<\/p>\n<p>Ako se nakon pristanka predomislite, mo\u017eete povu\u0107i va\u0161u suglasnost da vas kontaktiramo, za kontinuirano prikupljanje, kori\u0161tenje ili otkrivanje va\u0161ih podataka u bilo koje vrijeme, putem Centra za privatnost ili kontaktiraju\u0107i nas na mail: info@dermoestetik.com<\/p>\n<p><strong>8. Kako koristimo Va\u0161e podatke?<\/strong><\/p>\n<p>Prikupljenje podatke koristimo na slijede\u0107e na\u010dine:<\/p>\n<p>1. da bismo ispunili na\u0161e obveze u pru\u017eanju kori\u0161tenja servisa<br \/>2. da bismo osigurali u\u010dinkovit rad servisa za ra\u010dunalo ili neki drugi ure\u0111aj s kojega pristupate<br \/>3. da bismo Vam pru\u017eili informacije za koje smatramo da su primjerene Vama, poput slanja obavijesti e-mailom o pitanjima vezanim uz servis<br \/>4. kako bismo procijenili u\u010dinkovitost na\u0161ih marketin\u0161kih aktivnosti i pobolj\u0161ali kvalitetu na\u0161eg marketinga<br \/>5. za porezne, pravne i ra\u010dunovodstvene potrebe;<br \/>6. za svrhu odgovornosti definirane zakonodavstvom europske unije (GDPR).<\/p>\n<p><strong>9. Dijeljenje podataka<\/strong><\/p>\n<p>Va\u0161e podatke ne dijelimo s tre\u0107im stranama. Postoje iznimke, u slu\u010daju na\u0161ih Partnera, kada dijelimo najosnovnije potrebne podatke s ciljem da nam pomognu u ispunjenju na\u0161ih obveza prema Vama.<\/p>\n<p>Partneri stoga mogu imati potencijalni ili pravi pristup ograni\u010denim podacima o Vama i obra\u0111ivati ih u na\u0161e ime. Slu\u017ebeni naziv im je izvr\u0161itelji obrade (eng. data processors):<br \/>\u2022 Dostavna slu\u017eba koja dostavlja Va\u0161e naru\u010dene proizvode<br \/>\u2022 dobavlja\u010di analiti\u010dkih\/statisti\u010dkih alata (Google);<\/p>\n<p>Va\u0161i podaci mogu biti obra\u0111ivani, pohranjeni i preneseni van zemlje prebivali\u0161ta ili Europske unije, i to u Sjedinjene Ameri\u010dke Dr\u017eave. Zakoni o privatnosti u toj dr\u017eavi mo\u017eda nemaju jednak nivo za\u0161tite kao u Va\u0161oj dr\u017eavi ili Europskoj uniji. Kada god dijelimo Va\u0161e osobne podatke izvan Europske unije, to \u010dinimo na temelju standardnih ugovornih klauzula Europske unije, koje su zakonski va\u017ee\u0107e mjere koje nam omogu\u0107uju prijenos tih podataka i ostvarivanje njihove adekvatne za\u0161tite.<\/p>\n<p><strong>10. Ostalo<\/strong><\/p>\n<p>Imajte na umu da podlije\u017eemo razli\u010ditim zakonima i da smo ovla\u0161teni na zahtjev tijela dr\u017eavne vlasti ili nekog drugog oblika pravne obveze podijeliti Va\u0161e osobne podatke.<br \/>U slu\u010daju reorganizacije ili prijenosa vlasni\u0161tva servisa imamo pravo prenijeti Va\u0161e osobne podatke uklju\u010denoj tre\u0107oj strani koja \u0107e ih za\u0161titi u najmanje jednakoj mjeri kao mi u ovoj Izjavi o sigurnosti i privatnosti.<\/p>\n<p>Linkovi<br \/>Kada kliknete veze na na\u0161oj trgovini, oni vas mogu usmjeriti s na\u0161e web stranice. Nismo odgovorni za praksu privatnosti drugih web mjesta i poti\u010demo Vas da pro\u010ditate njihove izjave o privatnosti.<\/p>\n<p><strong>11. Va\u0161a prava<\/strong><\/p>\n<p>Pod zakonom Europske unije imate mogu\u0107nost na dodatna prava oko za\u0161tite osobnih podataka, stoga ovisno o Va\u0161em prebivali\u0161tu mo\u017eete imati pravo i na:<br \/>\u2022 pristup podacima koje dr\u017eimo o Vama<br \/>\u2022 zatra\u017eiti brisanje Va\u0161ih osobnih podataka iz na\u0161eg sustava<br \/>\u2022 zatra\u017eiti a\u017euriranje\/izmjene Va\u0161ih osobnih podatka<br \/>\u2022 zatra\u017eiti ograni\u010davanje obrade Va\u0161ih podataka<br \/>\u2022 zatra\u017eiti prijenos Va\u0161ih podataka tre\u0107oj strani<br \/>\u2022 podnijeti \u017ealbu nadle\u017enom tijelu za za\u0161titu podataka<br \/>Prava mo\u017eete ostvariti kroz na\u0161 Centar za privatnost ili kontaktom na mail: web@diadema.hr<\/p>\n<p><strong>12. Izmjene ove Izjave o sigurnosti i privatnosti<\/strong><\/p>\n<p>Zadr\u017eavamo pravo izmjene ove Izjave o sigurnosti i privatnosti ukoliko smatramo da je to potrebno iz pravnih razloga. U tom slu\u010daju \u0107emo objaviti izmjene na na\u0161oj web stranici. Tako\u0111er, a\u017eurirati \u0107emo sekciju \u201cZadnja izmjena\u201d.<br \/>Nakon \u0161to promijenimo Izjavu o sigurnosti i privatnosti, ona postaje pravomo\u0107na odmah nakon objave. Ukoliko se ne sla\u017eete s tim izmjenama molimo Vas da prestanete koristiti na\u0161e servise.<\/p>\n<p><strong>PITANJA I KONTAKT PODACI<\/strong><\/p>\n<p>Ako \u017eelite: pristupiti, ispraviti, izmijeniti ili izbrisati sve osobne podatke koje imamo o Vama, registrirati pritu\u017ebu ili jednostavno zatra\u017eiti dodatne informacije, obratite se na\u0161em slu\u017ebeniku za po\u0161tivanje privatnosti na info@dermoestetik.com<\/p>\n<p>n\/r Slu\u017ebenik za za\u0161titu podataka<br \/>Dermoestetik group d.o.o.<br \/>ulica rijeke Dragonje 1,<br \/>Inudstrijska zona Vidal,<br \/>52466 Novigrad \u2013 Cittanova,<br \/>Hrvatska<br \/>info@dermoestetik.com<\/p>\n<p>Zadnja izmjena<br \/>06.04.2020.<\/p>\t\t\t\t\t\t\t\t<\/div>\n\t\t\t\t<\/div>\n\t\t\t\t\t<\/div>\n\t\t\t\t<\/div>\n\t\t\t\t<\/div>\n\t\t","protected":false},"excerpt":{"rendered":"<p>1. Tko smo mi? Mi smo DERMOESTETIK GROUP D.O.O., ulica rijeke Dragonje 1, Inudstrijska zona Vidal, 52466 Novigrad \u2013 Cittanova, Hrvatska (u daljnjem tekstu kao \u201eDERMOESTETIK GROUP\u201c)Mo\u017eete nas kontaktirati putem kontakt obrazca na na\u0161oj stranici, putem e-maila info@dermoestetik.hr ili putem po\u0161te na adresu ulica rijeke Dragonje 1, Inudstrijska zona Vidal, 52466 Novigrad \u2013 Cittanova, Hrvatska [&hellip;]<\/p>\n","protected":false},"author":1,"featured_media":0,"parent":0,"menu_order":0,"comment_status":"closed","ping_status":"open","template":"","meta":{"ocean_post_layout":"","ocean_both_sidebars_style":"","ocean_both_sidebars_content_width":0,"ocean_both_sidebars_sidebars_width":0,"ocean_sidebar":"","ocean_second_sidebar":"","ocean_disable_margins":"enable","ocean_add_body_class":"","ocean_shortcode_before_top_bar":"","ocean_shortcode_after_top_bar":"","ocean_shortcode_before_header":"","ocean_shortcode_after_header":"","ocean_has_shortcode":"","ocean_shortcode_after_title":"","ocean_shortcode_before_footer_widgets":"","ocean_shortcode_after_footer_widgets":"","ocean_shortcode_before_footer_bottom":"","ocean_shortcode_after_footer_bottom":"","ocean_display_top_bar":"default","ocean_display_header":"default","ocean_header_style":"","ocean_center_header_left_menu":"","ocean_custom_header_template":"","ocean_custom_logo":0,"ocean_custom_retina_logo":0,"ocean_custom_logo_max_width":0,"ocean_custom_logo_tablet_max_width":0,"ocean_custom_logo_mobile_max_width":0,"ocean_custom_logo_max_height":0,"ocean_custom_logo_tablet_max_height":0,"ocean_custom_logo_mobile_max_height":0,"ocean_header_custom_menu":"","ocean_menu_typo_font_family":"","ocean_menu_typo_font_subset":"","ocean_menu_typo_font_size":0,"ocean_menu_typo_font_size_tablet":0,"ocean_menu_typo_font_size_mobile":0,"ocean_menu_typo_font_size_unit":"px","ocean_menu_typo_font_weight":"","ocean_menu_typo_font_weight_tablet":"","ocean_menu_typo_font_weight_mobile":"","ocean_menu_typo_transform":"","ocean_menu_typo_transform_tablet":"","ocean_menu_typo_transform_mobile":"","ocean_menu_typo_line_height":0,"ocean_menu_typo_line_height_tablet":0,"ocean_menu_typo_line_height_mobile":0,"ocean_menu_typo_line_height_unit":"","ocean_menu_typo_spacing":0,"ocean_menu_typo_spacing_tablet":0,"ocean_menu_typo_spacing_mobile":0,"ocean_menu_typo_spacing_unit":"","ocean_menu_link_color":"","ocean_menu_link_color_hover":"","ocean_menu_link_color_active":"","ocean_menu_link_background":"","ocean_menu_link_hover_background":"","ocean_menu_link_active_background":"","ocean_menu_social_links_bg":"","ocean_menu_social_hover_links_bg":"","ocean_menu_social_links_color":"","ocean_menu_social_hover_links_color":"","ocean_disable_title":"default","ocean_disable_heading":"default","ocean_post_title":"","ocean_post_subheading":"","ocean_post_title_style":"","ocean_post_title_background_color":"","ocean_post_title_background":0,"ocean_post_title_bg_image_position":"","ocean_post_title_bg_image_attachment":"","ocean_post_title_bg_image_repeat":"","ocean_post_title_bg_image_size":"","ocean_post_title_height":0,"ocean_post_title_bg_overlay":0.5,"ocean_post_title_bg_overlay_color":"","ocean_disable_breadcrumbs":"default","ocean_breadcrumbs_color":"","ocean_breadcrumbs_separator_color":"","ocean_breadcrumbs_links_color":"","ocean_breadcrumbs_links_hover_color":"","ocean_display_footer_widgets":"default","ocean_display_footer_bottom":"default","ocean_custom_footer_template":"","osp_disable_panel":"default","osh_disable_topbar_sticky":"default","osh_disable_header_sticky":"default","osh_sticky_header_style":"default","osh_sticky_header_effect":"","osh_custom_sticky_logo":0,"osh_custom_retina_sticky_logo":0,"osh_custom_sticky_logo_height":0,"osh_background_color":"","osh_links_color":"","osh_links_hover_color":"","osh_links_active_color":"","osh_links_bg_color":"","osh_links_hover_bg_color":"","osh_links_active_bg_color":"","osh_menu_social_links_color":"","osh_menu_social_hover_links_color":"","footnotes":""},"class_list":["post-2098","page","type-page","status-publish","hentry","entry","owp-thumbs-layout-horizontal","owp-btn-big","owp-tabs-layout-vertical","has-no-thumbnails"],"yoast_head":"<!-- This site is optimized with the Yoast SEO Premium plugin v24.4 (Yoast SEO v27.3) - https:\/\/yoast.com\/product\/yoast-seo-premium-wordpress\/ -->\n<title>Politika privatnosti - Esensa Mediterana<\/title>\n<meta name=\"robots\" content=\"index, follow, max-snippet:-1, max-image-preview:large, max-video-preview:-1\" \/>\n<link rel=\"canonical\" href=\"https:\/\/new.esensamediterana.com\/hr\/politika-privatnosti\/\" \/>\n<meta property=\"og:locale\" content=\"hr_HR\" \/>\n<meta property=\"og:type\" content=\"article\" \/>\n<meta property=\"og:title\" content=\"Politika privatnosti\" \/>\n<meta property=\"og:description\" content=\"1. Tko smo mi? Mi smo DERMOESTETIK GROUP D.O.O., ulica rijeke Dragonje 1, Inudstrijska zona Vidal, 52466 Novigrad \u2013 Cittanova, Hrvatska (u daljnjem tekstu kao \u201eDERMOESTETIK GROUP\u201c)Mo\u017eete nas kontaktirati putem kontakt obrazca na na\u0161oj stranici, putem e-maila info@dermoestetik.hr ili putem po\u0161te na adresu ulica rijeke Dragonje 1, Inudstrijska zona Vidal, 52466 Novigrad \u2013 Cittanova, Hrvatska [&hellip;]\" \/>\n<meta property=\"og:url\" content=\"https:\/\/new.esensamediterana.com\/hr\/politika-privatnosti\/\" \/>\n<meta property=\"og:site_name\" content=\"Esensa Mediterana\" \/>\n<meta property=\"article:publisher\" content=\"https:\/\/www.facebook.com\/EsensaMediterana\" \/>\n<meta property=\"article:modified_time\" content=\"2025-04-28T19:27:50+00:00\" \/>\n<meta name=\"twitter:card\" content=\"summary_large_image\" \/>\n<meta name=\"twitter:label1\" content=\"Procijenjeno vrijeme \u010ditanja\" \/>\n\t<meta name=\"twitter:data1\" content=\"9 minuta\" \/>\n<script type=\"application\/ld+json\" class=\"yoast-schema-graph\">{\"@context\":\"https:\\\/\\\/schema.org\",\"@graph\":[{\"@type\":\"WebPage\",\"@id\":\"https:\\\/\\\/new.esensamediterana.com\\\/hr\\\/politika-privatnosti\\\/\",\"url\":\"https:\\\/\\\/new.esensamediterana.com\\\/hr\\\/politika-privatnosti\\\/\",\"name\":\"Politika privatnosti - Esensa Mediterana\",\"isPartOf\":{\"@id\":\"https:\\\/\\\/new.esensamediterana.com\\\/hr\\\/#website\"},\"datePublished\":\"2024-04-16T15:38:32+00:00\",\"dateModified\":\"2025-04-28T19:27:50+00:00\",\"breadcrumb\":{\"@id\":\"https:\\\/\\\/new.esensamediterana.com\\\/hr\\\/politika-privatnosti\\\/#breadcrumb\"},\"inLanguage\":\"hr\",\"potentialAction\":[{\"@type\":\"ReadAction\",\"target\":[\"https:\\\/\\\/new.esensamediterana.com\\\/hr\\\/politika-privatnosti\\\/\"]}]},{\"@type\":\"BreadcrumbList\",\"@id\":\"https:\\\/\\\/new.esensamediterana.com\\\/hr\\\/politika-privatnosti\\\/#breadcrumb\",\"itemListElement\":[{\"@type\":\"ListItem\",\"position\":1,\"name\":\"Home\",\"item\":\"https:\\\/\\\/new.esensamediterana.com\\\/hr\\\/en\\\/\"},{\"@type\":\"ListItem\",\"position\":2,\"name\":\"Politika privatnosti\"}]},{\"@type\":\"WebSite\",\"@id\":\"https:\\\/\\\/new.esensamediterana.com\\\/hr\\\/#website\",\"url\":\"https:\\\/\\\/new.esensamediterana.com\\\/hr\\\/\",\"name\":\"Esensa Mediterana\",\"description\":\"\",\"publisher\":{\"@id\":\"https:\\\/\\\/new.esensamediterana.com\\\/hr\\\/#organization\"},\"potentialAction\":[{\"@type\":\"SearchAction\",\"target\":{\"@type\":\"EntryPoint\",\"urlTemplate\":\"https:\\\/\\\/new.esensamediterana.com\\\/hr\\\/?s={search_term_string}\"},\"query-input\":{\"@type\":\"PropertyValueSpecification\",\"valueRequired\":true,\"valueName\":\"search_term_string\"}}],\"inLanguage\":\"hr\"},{\"@type\":\"Organization\",\"@id\":\"https:\\\/\\\/new.esensamediterana.com\\\/hr\\\/#organization\",\"name\":\"DERMOESTETIK GROUP D.O.O.\",\"url\":\"https:\\\/\\\/new.esensamediterana.com\\\/hr\\\/\",\"logo\":{\"@type\":\"ImageObject\",\"inLanguage\":\"hr\",\"@id\":\"https:\\\/\\\/new.esensamediterana.com\\\/hr\\\/#\\\/schema\\\/logo\\\/image\\\/\",\"url\":\"https:\\\/\\\/new.esensamediterana.com\\\/wp-content\\\/uploads\\\/2026\\\/01\\\/esensa-logo-crni-veliki.png\",\"contentUrl\":\"https:\\\/\\\/new.esensamediterana.com\\\/wp-content\\\/uploads\\\/2026\\\/01\\\/esensa-logo-crni-veliki.png\",\"width\":1056,\"height\":698,\"caption\":\"DERMOESTETIK GROUP D.O.O.\"},\"image\":{\"@id\":\"https:\\\/\\\/new.esensamediterana.com\\\/hr\\\/#\\\/schema\\\/logo\\\/image\\\/\"},\"sameAs\":[\"https:\\\/\\\/www.facebook.com\\\/EsensaMediterana\",\"https:\\\/\\\/www.instagram.com\\\/esensamediteranacroatia\\\/\"]}]}<\/script>\n<!-- \/ Yoast SEO Premium plugin. -->","yoast_head_json":{"title":"Politika privatnosti - Esensa Mediterana","robots":{"index":"index","follow":"follow","max-snippet":"max-snippet:-1","max-image-preview":"max-image-preview:large","max-video-preview":"max-video-preview:-1"},"canonical":"https:\/\/new.esensamediterana.com\/hr\/politika-privatnosti\/","og_locale":"hr_HR","og_type":"article","og_title":"Politika privatnosti","og_description":"1. Tko smo mi? Mi smo DERMOESTETIK GROUP D.O.O., ulica rijeke Dragonje 1, Inudstrijska zona Vidal, 52466 Novigrad \u2013 Cittanova, Hrvatska (u daljnjem tekstu kao \u201eDERMOESTETIK GROUP\u201c)Mo\u017eete nas kontaktirati putem kontakt obrazca na na\u0161oj stranici, putem e-maila info@dermoestetik.hr ili putem po\u0161te na adresu ulica rijeke Dragonje 1, Inudstrijska zona Vidal, 52466 Novigrad \u2013 Cittanova, Hrvatska [&hellip;]","og_url":"https:\/\/new.esensamediterana.com\/hr\/politika-privatnosti\/","og_site_name":"Esensa Mediterana","article_publisher":"https:\/\/www.facebook.com\/EsensaMediterana","article_modified_time":"2025-04-28T19:27:50+00:00","twitter_card":"summary_large_image","twitter_misc":{"Procijenjeno vrijeme \u010ditanja":"9 minuta"},"schema":{"@context":"https:\/\/schema.org","@graph":[{"@type":"WebPage","@id":"https:\/\/new.esensamediterana.com\/hr\/politika-privatnosti\/","url":"https:\/\/new.esensamediterana.com\/hr\/politika-privatnosti\/","name":"Politika privatnosti - Esensa Mediterana","isPartOf":{"@id":"https:\/\/new.esensamediterana.com\/hr\/#website"},"datePublished":"2024-04-16T15:38:32+00:00","dateModified":"2025-04-28T19:27:50+00:00","breadcrumb":{"@id":"https:\/\/new.esensamediterana.com\/hr\/politika-privatnosti\/#breadcrumb"},"inLanguage":"hr","potentialAction":[{"@type":"ReadAction","target":["https:\/\/new.esensamediterana.com\/hr\/politika-privatnosti\/"]}]},{"@type":"BreadcrumbList","@id":"https:\/\/new.esensamediterana.com\/hr\/politika-privatnosti\/#breadcrumb","itemListElement":[{"@type":"ListItem","position":1,"name":"Home","item":"https:\/\/new.esensamediterana.com\/hr\/en\/"},{"@type":"ListItem","position":2,"name":"Politika privatnosti"}]},{"@type":"WebSite","@id":"https:\/\/new.esensamediterana.com\/hr\/#website","url":"https:\/\/new.esensamediterana.com\/hr\/","name":"Esensa Mediterana","description":"","publisher":{"@id":"https:\/\/new.esensamediterana.com\/hr\/#organization"},"potentialAction":[{"@type":"SearchAction","target":{"@type":"EntryPoint","urlTemplate":"https:\/\/new.esensamediterana.com\/hr\/?s={search_term_string}"},"query-input":{"@type":"PropertyValueSpecification","valueRequired":true,"valueName":"search_term_string"}}],"inLanguage":"hr"},{"@type":"Organization","@id":"https:\/\/new.esensamediterana.com\/hr\/#organization","name":"DERMOESTETIK GROUP D.O.O.","url":"https:\/\/new.esensamediterana.com\/hr\/","logo":{"@type":"ImageObject","inLanguage":"hr","@id":"https:\/\/new.esensamediterana.com\/hr\/#\/schema\/logo\/image\/","url":"https:\/\/new.esensamediterana.com\/wp-content\/uploads\/2026\/01\/esensa-logo-crni-veliki.png","contentUrl":"https:\/\/new.esensamediterana.com\/wp-content\/uploads\/2026\/01\/esensa-logo-crni-veliki.png","width":1056,"height":698,"caption":"DERMOESTETIK GROUP D.O.O."},"image":{"@id":"https:\/\/new.esensamediterana.com\/hr\/#\/schema\/logo\/image\/"},"sameAs":["https:\/\/www.facebook.com\/EsensaMediterana","https:\/\/www.instagram.com\/esensamediteranacroatia\/"]}]}},"_links":{"self":[{"href":"https:\/\/new.esensamediterana.com\/hr\/wp-json\/wp\/v2\/pages\/2098","targetHints":{"allow":["GET"]}}],"collection":[{"href":"https:\/\/new.esensamediterana.com\/hr\/wp-json\/wp\/v2\/pages"}],"about":[{"href":"https:\/\/new.esensamediterana.com\/hr\/wp-json\/wp\/v2\/types\/page"}],"author":[{"embeddable":true,"href":"https:\/\/new.esensamediterana.com\/hr\/wp-json\/wp\/v2\/users\/1"}],"replies":[{"embeddable":true,"href":"https:\/\/new.esensamediterana.com\/hr\/wp-json\/wp\/v2\/comments?post=2098"}],"version-history":[{"count":4,"href":"https:\/\/new.esensamediterana.com\/hr\/wp-json\/wp\/v2\/pages\/2098\/revisions"}],"predecessor-version":[{"id":2120,"href":"https:\/\/new.esensamediterana.com\/hr\/wp-json\/wp\/v2\/pages\/2098\/revisions\/2120"}],"wp:attachment":[{"href":"https:\/\/new.esensamediterana.com\/hr\/wp-json\/wp\/v2\/media?parent=2098"}],"curies":[{"name":"wp","href":"https:\/\/api.w.org\/{rel}","templated":true}]}}