{"id":2100,"date":"2025-04-28T18:26:21","date_gmt":"2025-04-28T18:26:21","guid":{"rendered":"https:\/\/new.esensamediterana.com\/?page_id=2100"},"modified":"2025-04-28T18:45:21","modified_gmt":"2025-04-28T18:45:21","slug":"dostava","status":"publish","type":"page","link":"https:\/\/new.esensamediterana.com\/hr\/dostava\/","title":{"rendered":"Dostava"},"content":{"rendered":"\n<p>Na svakoj zaklju\u010denoj narud\u017ebi nazna\u010dena je cijena dostave. Cijena dostave nije uklju\u010dena u cijenu proizvoda. Kupljeni proizvodi mogu se dostaviti na podru\u010dju Republike Hrvatske, kao i u inozemstvu, prema uvjetima koji vrijede za svako podru\u010dje dostave.<\/p>\n\n\n\n<p><strong>Svi proizvodi dostavljaju se putem kurirske slu\u017ebe GLS.<\/strong><\/p>\n\n\n\n<p>Obrada narud\u017ebe traje do 4 dana, a rok isporuke je do 10 radnih dana od dana zaprimljene uplate. U rok isporuke uklju\u010den je i dan obrade narud\u017ebe, vrijeme potrebno za kompletiranje i pakiranje proizvoda, te isporuku paketa od strane dostavne slu\u017ebe. Za po\u0161iljke adresirane na otoke i manja mjesta rok za uru\u010denje mo\u017ee se produljiti zbog posebnog reda vo\u017enje.<\/p>\n\n\n\n<p>Za veliku koli\u010dinu naru\u010denih proizvoda rok isporuke je do 4 tjedna u \u0161to se uklju\u010duje i dostava u inozemstvo.<br>Dostava za inozemstvo se napla\u0107uje po&nbsp;<a href=\"https:\/\/www.paket.hr\/cjenik-usluga\">cjeniku GLS-a.<\/a><\/p>\n\n\n\n<p>Proizvodi \u0107e biti slo\u017eeni i zapakirani na na\u010din da se uobi\u010dajenom manipulacijom u transportu ne mogu o\u0161tetiti.<br>U cijenu dostave uklju\u010deno je pakiranje proizvoda. Dostava se obavlja prema uvjetima kori\u0161tenja usluga dostavne slu\u017ebe, a smatra se izvr\u0161enom u trenutku predaje proizvoda dostavnoj slu\u017ebi. Ako se proizvod koji je upu\u0107en Kupcu odnosno Primatelju vrati Dermoestetik group d.o.o. jer dostavna slu\u017eba nije uspjela izvr\u0161iti dostavu, Kupac \u0107e o tome biti obavije\u0161ten e-po\u0161tom te \u0107e mu biti ponu\u0111ene sljede\u0107e mogu\u0107nosti:<\/p>\n\n\n\n<p>Da se naru\u010deni proizvod na zahtjev Kupca ponovno dostavi na adresu Kupca odnosno Primatelja ili da naru\u010deni proizvod preuzme na adresi Dermoestetika Ul. rijeke Dragonje 1, 52466 Novigrad, uz pla\u0107anje transporta i vra\u0107anja u Dermoestetik d.o.o. po cijeni od 9,95 \u20ac , te dodatno za jo\u0161 jedan transport ukoliko Kupac \u017eeli primiti proizvod putem kurirske slu\u017ebe.<\/p>\n","protected":false},"excerpt":{"rendered":"<p>Na svakoj zaklju\u010denoj narud\u017ebi nazna\u010dena je cijena dostave. Cijena dostave nije uklju\u010dena u cijenu proizvoda. Kupljeni proizvodi mogu se dostaviti na podru\u010dju Republike Hrvatske, kao i u inozemstvu, prema uvjetima koji vrijede za svako podru\u010dje dostave. Svi proizvodi dostavljaju se putem kurirske slu\u017ebe GLS. Obrada narud\u017ebe traje do 4 dana, a rok isporuke je do [&hellip;]<\/p>\n","protected":false},"author":1,"featured_media":0,"parent":0,"menu_order":0,"comment_status":"closed","ping_status":"closed","template":"","meta":{"ocean_post_layout":"","ocean_both_sidebars_style":"","ocean_both_sidebars_content_width":0,"ocean_both_sidebars_sidebars_width":0,"ocean_sidebar":"","ocean_second_sidebar":"","ocean_disable_margins":"enable","ocean_add_body_class":"","ocean_shortcode_before_top_bar":"","ocean_shortcode_after_top_bar":"","ocean_shortcode_before_header":"","ocean_shortcode_after_header":"","ocean_has_shortcode":"","ocean_shortcode_after_title":"","ocean_shortcode_before_footer_widgets":"","ocean_shortcode_after_footer_widgets":"","ocean_shortcode_before_footer_bottom":"","ocean_shortcode_after_footer_bottom":"","ocean_display_top_bar":"default","ocean_display_header":"default","ocean_header_style":"","ocean_center_header_left_menu":"","ocean_custom_header_template":"","ocean_custom_logo":0,"ocean_custom_retina_logo":0,"ocean_custom_logo_max_width":0,"ocean_custom_logo_tablet_max_width":0,"ocean_custom_logo_mobile_max_width":0,"ocean_custom_logo_max_height":0,"ocean_custom_logo_tablet_max_height":0,"ocean_custom_logo_mobile_max_height":0,"ocean_header_custom_menu":"","ocean_menu_typo_font_family":"","ocean_menu_typo_font_subset":"","ocean_menu_typo_font_size":0,"ocean_menu_typo_font_size_tablet":0,"ocean_menu_typo_font_size_mobile":0,"ocean_menu_typo_font_size_unit":"px","ocean_menu_typo_font_weight":"","ocean_menu_typo_font_weight_tablet":"","ocean_menu_typo_font_weight_mobile":"","ocean_menu_typo_transform":"","ocean_menu_typo_transform_tablet":"","ocean_menu_typo_transform_mobile":"","ocean_menu_typo_line_height":0,"ocean_menu_typo_line_height_tablet":0,"ocean_menu_typo_line_height_mobile":0,"ocean_menu_typo_line_height_unit":"","ocean_menu_typo_spacing":0,"ocean_menu_typo_spacing_tablet":0,"ocean_menu_typo_spacing_mobile":0,"ocean_menu_typo_spacing_unit":"","ocean_menu_link_color":"","ocean_menu_link_color_hover":"","ocean_menu_link_color_active":"","ocean_menu_link_background":"","ocean_menu_link_hover_background":"","ocean_menu_link_active_background":"","ocean_menu_social_links_bg":"","ocean_menu_social_hover_links_bg":"","ocean_menu_social_links_color":"","ocean_menu_social_hover_links_color":"","ocean_disable_title":"default","ocean_disable_heading":"default","ocean_post_title":"","ocean_post_subheading":"","ocean_post_title_style":"","ocean_post_title_background_color":"","ocean_post_title_background":0,"ocean_post_title_bg_image_position":"","ocean_post_title_bg_image_attachment":"","ocean_post_title_bg_image_repeat":"","ocean_post_title_bg_image_size":"","ocean_post_title_height":0,"ocean_post_title_bg_overlay":0.5,"ocean_post_title_bg_overlay_color":"","ocean_disable_breadcrumbs":"default","ocean_breadcrumbs_color":"","ocean_breadcrumbs_separator_color":"","ocean_breadcrumbs_links_color":"","ocean_breadcrumbs_links_hover_color":"","ocean_display_footer_widgets":"default","ocean_display_footer_bottom":"default","ocean_custom_footer_template":"","osp_disable_panel":"default","osh_disable_topbar_sticky":"default","osh_disable_header_sticky":"default","osh_sticky_header_style":"default","osh_sticky_header_effect":"","osh_custom_sticky_logo":0,"osh_custom_retina_sticky_logo":0,"osh_custom_sticky_logo_height":0,"osh_background_color":"","osh_links_color":"","osh_links_hover_color":"","osh_links_active_color":"","osh_links_bg_color":"","osh_links_hover_bg_color":"","osh_links_active_bg_color":"","osh_menu_social_links_color":"","osh_menu_social_hover_links_color":"","footnotes":""},"class_list":["post-2100","page","type-page","status-publish","hentry","entry","owp-thumbs-layout-horizontal","owp-btn-big","owp-tabs-layout-vertical","has-no-thumbnails"],"yoast_head":"<!-- This site is optimized with the Yoast SEO Premium plugin v24.4 (Yoast SEO v27.3) - https:\/\/yoast.com\/product\/yoast-seo-premium-wordpress\/ -->\n<title>Dostava - Esensa Mediterana<\/title>\n<meta name=\"robots\" content=\"index, follow, max-snippet:-1, max-image-preview:large, max-video-preview:-1\" \/>\n<link rel=\"canonical\" href=\"https:\/\/new.esensamediterana.com\/hr\/dostava\/\" \/>\n<meta property=\"og:locale\" content=\"hr_HR\" \/>\n<meta property=\"og:type\" content=\"article\" \/>\n<meta property=\"og:title\" content=\"Dostava\" \/>\n<meta property=\"og:description\" content=\"Na svakoj zaklju\u010denoj narud\u017ebi nazna\u010dena je cijena dostave. Cijena dostave nije uklju\u010dena u cijenu proizvoda. Kupljeni proizvodi mogu se dostaviti na podru\u010dju Republike Hrvatske, kao i u inozemstvu, prema uvjetima koji vrijede za svako podru\u010dje dostave. Svi proizvodi dostavljaju se putem kurirske slu\u017ebe GLS. Obrada narud\u017ebe traje do 4 dana, a rok isporuke je do [&hellip;]\" \/>\n<meta property=\"og:url\" content=\"https:\/\/new.esensamediterana.com\/hr\/dostava\/\" \/>\n<meta property=\"og:site_name\" content=\"Esensa Mediterana\" \/>\n<meta property=\"article:publisher\" content=\"https:\/\/www.facebook.com\/EsensaMediterana\" \/>\n<meta property=\"article:modified_time\" content=\"2025-04-28T18:45:21+00:00\" \/>\n<meta name=\"twitter:card\" content=\"summary_large_image\" \/>\n<meta name=\"twitter:label1\" content=\"Procijenjeno vrijeme \u010ditanja\" \/>\n\t<meta name=\"twitter:data1\" content=\"2 minute\" \/>\n<script type=\"application\/ld+json\" class=\"yoast-schema-graph\">{\"@context\":\"https:\\\/\\\/schema.org\",\"@graph\":[{\"@type\":\"WebPage\",\"@id\":\"https:\\\/\\\/new.esensamediterana.com\\\/hr\\\/dostava\\\/\",\"url\":\"https:\\\/\\\/new.esensamediterana.com\\\/hr\\\/dostava\\\/\",\"name\":\"Dostava - Esensa Mediterana\",\"isPartOf\":{\"@id\":\"https:\\\/\\\/new.esensamediterana.com\\\/hr\\\/#website\"},\"datePublished\":\"2025-04-28T18:26:21+00:00\",\"dateModified\":\"2025-04-28T18:45:21+00:00\",\"breadcrumb\":{\"@id\":\"https:\\\/\\\/new.esensamediterana.com\\\/hr\\\/dostava\\\/#breadcrumb\"},\"inLanguage\":\"hr\",\"potentialAction\":[{\"@type\":\"ReadAction\",\"target\":[\"https:\\\/\\\/new.esensamediterana.com\\\/hr\\\/dostava\\\/\"]}]},{\"@type\":\"BreadcrumbList\",\"@id\":\"https:\\\/\\\/new.esensamediterana.com\\\/hr\\\/dostava\\\/#breadcrumb\",\"itemListElement\":[{\"@type\":\"ListItem\",\"position\":1,\"name\":\"Home\",\"item\":\"https:\\\/\\\/new.esensamediterana.com\\\/hr\\\/en\\\/\"},{\"@type\":\"ListItem\",\"position\":2,\"name\":\"Dostava\"}]},{\"@type\":\"WebSite\",\"@id\":\"https:\\\/\\\/new.esensamediterana.com\\\/hr\\\/#website\",\"url\":\"https:\\\/\\\/new.esensamediterana.com\\\/hr\\\/\",\"name\":\"Esensa Mediterana\",\"description\":\"\",\"publisher\":{\"@id\":\"https:\\\/\\\/new.esensamediterana.com\\\/hr\\\/#organization\"},\"potentialAction\":[{\"@type\":\"SearchAction\",\"target\":{\"@type\":\"EntryPoint\",\"urlTemplate\":\"https:\\\/\\\/new.esensamediterana.com\\\/hr\\\/?s={search_term_string}\"},\"query-input\":{\"@type\":\"PropertyValueSpecification\",\"valueRequired\":true,\"valueName\":\"search_term_string\"}}],\"inLanguage\":\"hr\"},{\"@type\":\"Organization\",\"@id\":\"https:\\\/\\\/new.esensamediterana.com\\\/hr\\\/#organization\",\"name\":\"DERMOESTETIK GROUP D.O.O.\",\"url\":\"https:\\\/\\\/new.esensamediterana.com\\\/hr\\\/\",\"logo\":{\"@type\":\"ImageObject\",\"inLanguage\":\"hr\",\"@id\":\"https:\\\/\\\/new.esensamediterana.com\\\/hr\\\/#\\\/schema\\\/logo\\\/image\\\/\",\"url\":\"https:\\\/\\\/new.esensamediterana.com\\\/wp-content\\\/uploads\\\/2026\\\/01\\\/esensa-logo-crni-veliki.png\",\"contentUrl\":\"https:\\\/\\\/new.esensamediterana.com\\\/wp-content\\\/uploads\\\/2026\\\/01\\\/esensa-logo-crni-veliki.png\",\"width\":1056,\"height\":698,\"caption\":\"DERMOESTETIK GROUP D.O.O.\"},\"image\":{\"@id\":\"https:\\\/\\\/new.esensamediterana.com\\\/hr\\\/#\\\/schema\\\/logo\\\/image\\\/\"},\"sameAs\":[\"https:\\\/\\\/www.facebook.com\\\/EsensaMediterana\",\"https:\\\/\\\/www.instagram.com\\\/esensamediteranacroatia\\\/\"]}]}<\/script>\n<!-- \/ Yoast SEO Premium plugin. -->","yoast_head_json":{"title":"Dostava - Esensa Mediterana","robots":{"index":"index","follow":"follow","max-snippet":"max-snippet:-1","max-image-preview":"max-image-preview:large","max-video-preview":"max-video-preview:-1"},"canonical":"https:\/\/new.esensamediterana.com\/hr\/dostava\/","og_locale":"hr_HR","og_type":"article","og_title":"Dostava","og_description":"Na svakoj zaklju\u010denoj narud\u017ebi nazna\u010dena je cijena dostave. Cijena dostave nije uklju\u010dena u cijenu proizvoda. Kupljeni proizvodi mogu se dostaviti na podru\u010dju Republike Hrvatske, kao i u inozemstvu, prema uvjetima koji vrijede za svako podru\u010dje dostave. Svi proizvodi dostavljaju se putem kurirske slu\u017ebe GLS. Obrada narud\u017ebe traje do 4 dana, a rok isporuke je do [&hellip;]","og_url":"https:\/\/new.esensamediterana.com\/hr\/dostava\/","og_site_name":"Esensa Mediterana","article_publisher":"https:\/\/www.facebook.com\/EsensaMediterana","article_modified_time":"2025-04-28T18:45:21+00:00","twitter_card":"summary_large_image","twitter_misc":{"Procijenjeno vrijeme \u010ditanja":"2 minute"},"schema":{"@context":"https:\/\/schema.org","@graph":[{"@type":"WebPage","@id":"https:\/\/new.esensamediterana.com\/hr\/dostava\/","url":"https:\/\/new.esensamediterana.com\/hr\/dostava\/","name":"Dostava - Esensa Mediterana","isPartOf":{"@id":"https:\/\/new.esensamediterana.com\/hr\/#website"},"datePublished":"2025-04-28T18:26:21+00:00","dateModified":"2025-04-28T18:45:21+00:00","breadcrumb":{"@id":"https:\/\/new.esensamediterana.com\/hr\/dostava\/#breadcrumb"},"inLanguage":"hr","potentialAction":[{"@type":"ReadAction","target":["https:\/\/new.esensamediterana.com\/hr\/dostava\/"]}]},{"@type":"BreadcrumbList","@id":"https:\/\/new.esensamediterana.com\/hr\/dostava\/#breadcrumb","itemListElement":[{"@type":"ListItem","position":1,"name":"Home","item":"https:\/\/new.esensamediterana.com\/hr\/en\/"},{"@type":"ListItem","position":2,"name":"Dostava"}]},{"@type":"WebSite","@id":"https:\/\/new.esensamediterana.com\/hr\/#website","url":"https:\/\/new.esensamediterana.com\/hr\/","name":"Esensa Mediterana","description":"","publisher":{"@id":"https:\/\/new.esensamediterana.com\/hr\/#organization"},"potentialAction":[{"@type":"SearchAction","target":{"@type":"EntryPoint","urlTemplate":"https:\/\/new.esensamediterana.com\/hr\/?s={search_term_string}"},"query-input":{"@type":"PropertyValueSpecification","valueRequired":true,"valueName":"search_term_string"}}],"inLanguage":"hr"},{"@type":"Organization","@id":"https:\/\/new.esensamediterana.com\/hr\/#organization","name":"DERMOESTETIK GROUP D.O.O.","url":"https:\/\/new.esensamediterana.com\/hr\/","logo":{"@type":"ImageObject","inLanguage":"hr","@id":"https:\/\/new.esensamediterana.com\/hr\/#\/schema\/logo\/image\/","url":"https:\/\/new.esensamediterana.com\/wp-content\/uploads\/2026\/01\/esensa-logo-crni-veliki.png","contentUrl":"https:\/\/new.esensamediterana.com\/wp-content\/uploads\/2026\/01\/esensa-logo-crni-veliki.png","width":1056,"height":698,"caption":"DERMOESTETIK GROUP D.O.O."},"image":{"@id":"https:\/\/new.esensamediterana.com\/hr\/#\/schema\/logo\/image\/"},"sameAs":["https:\/\/www.facebook.com\/EsensaMediterana","https:\/\/www.instagram.com\/esensamediteranacroatia\/"]}]}},"_links":{"self":[{"href":"https:\/\/new.esensamediterana.com\/hr\/wp-json\/wp\/v2\/pages\/2100","targetHints":{"allow":["GET"]}}],"collection":[{"href":"https:\/\/new.esensamediterana.com\/hr\/wp-json\/wp\/v2\/pages"}],"about":[{"href":"https:\/\/new.esensamediterana.com\/hr\/wp-json\/wp\/v2\/types\/page"}],"author":[{"embeddable":true,"href":"https:\/\/new.esensamediterana.com\/hr\/wp-json\/wp\/v2\/users\/1"}],"replies":[{"embeddable":true,"href":"https:\/\/new.esensamediterana.com\/hr\/wp-json\/wp\/v2\/comments?post=2100"}],"version-history":[{"count":1,"href":"https:\/\/new.esensamediterana.com\/hr\/wp-json\/wp\/v2\/pages\/2100\/revisions"}],"predecessor-version":[{"id":2101,"href":"https:\/\/new.esensamediterana.com\/hr\/wp-json\/wp\/v2\/pages\/2100\/revisions\/2101"}],"wp:attachment":[{"href":"https:\/\/new.esensamediterana.com\/hr\/wp-json\/wp\/v2\/media?parent=2100"}],"curies":[{"name":"wp","href":"https:\/\/api.w.org\/{rel}","templated":true}]}}