{"id":2756,"date":"2025-09-19T06:40:54","date_gmt":"2025-09-19T06:40:54","guid":{"rendered":"https:\/\/new.esensamediterana.com\/?page_id=2756"},"modified":"2026-03-13T11:47:31","modified_gmt":"2026-03-13T11:47:31","slug":"o-nama","status":"publish","type":"page","link":"https:\/\/new.esensamediterana.com\/hr\/o-nama\/","title":{"rendered":"O nama"},"content":{"rendered":"\t\t<div data-elementor-type=\"wp-page\" data-elementor-id=\"2756\" class=\"elementor elementor-2756 elementor-2317\" data-elementor-post-type=\"page\">\n\t\t\t\t<div class=\"elementor-element elementor-element-e926dc9 e-flex e-con-boxed e-con e-parent\" data-id=\"e926dc9\" data-element_type=\"container\" data-e-type=\"container\">\n\t\t\t\t\t<div class=\"e-con-inner\">\n\t\t<div class=\"elementor-element elementor-element-c3eb5b7 e-con-full e-flex e-con e-child\" data-id=\"c3eb5b7\" data-element_type=\"container\" data-e-type=\"container\">\n\t\t\t\t<div class=\"elementor-element elementor-element-0ce3b27 elementor-widget elementor-widget-text-editor\" data-id=\"0ce3b27\" data-element_type=\"widget\" data-e-type=\"widget\" data-widget_type=\"text-editor.default\">\n\t\t\t\t<div class=\"elementor-widget-container\">\n\t\t\t\t\t\t\t\t\t<p data-start=\"0\" data-end=\"418\"><strong data-start=\"0\" data-end=\"21\">Esensa Mediterana<\/strong> je hrvatska tvrtka koja ve\u0107 vi\u0161e od dva desetlje\u0107a spaja bogatstvo mediteranske prirode s modernom kozmetologijom. Osnovali su je <strong data-start=\"152\" data-end=\"193\" data-is-only-node=\"\"><span class=\"hover:entity-accent entity-underline inline cursor-pointer align-baseline\"><span class=\"whitespace-normal\">Ivana Legovi\u0107<\/span><\/span><\/strong>, ph.lab., kozmetologinja, i <strong data-start=\"222\" data-end=\"263\"><span class=\"hover:entity-accent entity-underline inline cursor-pointer align-baseline\"><span class=\"whitespace-normal\">Roberto Legovi\u0107<\/span><\/span><\/strong>, dr. sc., s idejom da se znanstvena dostignu\u0107a i tradicionalno znanje o ljekovitom bilju i morskim sastojcima mogu povezati u vrhunsku prirodnu kozmetiku.<\/p><p data-start=\"420\" data-end=\"784\" data-is-last-node=\"\" data-is-only-node=\"\">Tvrtka je globalno prepoznata te je osvojila sedam zlatnih medalja. Godine <strong data-start=\"495\" data-end=\"504\">2013.<\/strong> dobila je priznanje za najnagra\u0111ivaniji profesionalni brend prirodne kozmetike. Danas <strong data-start=\"591\" data-end=\"612\">Esensa Mediterana<\/strong> sura\u0111uje s vi\u0161e od <strong data-start=\"632\" data-end=\"670\">600 kozmeti\u010dkih salona u Hrvatskoj<\/strong> te s brojnim wellness centrima u regiji, gdje se provodi njihov jedinstveni <strong data-start=\"747\" data-end=\"781\">wellness, spa i beauty program<\/strong>.<\/p>\t\t\t\t\t\t\t\t<\/div>\n\t\t\t\t<\/div>\n\t\t\t\t<\/div>\n\t\t<div class=\"elementor-element elementor-element-9338024 e-con-full e-flex e-con e-child\" data-id=\"9338024\" data-element_type=\"container\" data-e-type=\"container\">\n\t\t\t\t<div class=\"elementor-element elementor-element-4a43f1c elementor-widget elementor-widget-image\" data-id=\"4a43f1c\" data-element_type=\"widget\" data-e-type=\"widget\" data-widget_type=\"image.default\">\n\t\t\t\t<div class=\"elementor-widget-container\">\n\t\t\t\t\t\t\t\t\t\t\t\t\t\t\t<img fetchpriority=\"high\" decoding=\"async\" width=\"1024\" height=\"683\" src=\"https:\/\/new.esensamediterana.com\/wp-content\/uploads\/2025\/09\/esensa-web-51-1024x683.jpg\" class=\"attachment-large size-large wp-image-2327\" alt=\"esensa headquaters\" srcset=\"https:\/\/new.esensamediterana.com\/wp-content\/uploads\/2025\/09\/esensa-web-51-1024x683.jpg 1024w, https:\/\/new.esensamediterana.com\/wp-content\/uploads\/2025\/09\/esensa-web-51-300x200.jpg 300w, https:\/\/new.esensamediterana.com\/wp-content\/uploads\/2025\/09\/esensa-web-51-768x512.jpg 768w, https:\/\/new.esensamediterana.com\/wp-content\/uploads\/2025\/09\/esensa-web-51-1536x1024.jpg 1536w, https:\/\/new.esensamediterana.com\/wp-content\/uploads\/2025\/09\/esensa-web-51-600x400.jpg 600w, https:\/\/new.esensamediterana.com\/wp-content\/uploads\/2025\/09\/esensa-web-51.jpg 1750w\" sizes=\"(max-width: 1024px) 100vw, 1024px\" \/>\t\t\t\t\t\t\t\t\t\t\t\t\t\t\t<\/div>\n\t\t\t\t<\/div>\n\t\t\t\t<\/div>\n\t\t\t\t\t<\/div>\n\t\t\t\t<\/div>\n\t\t<div class=\"elementor-element elementor-element-4226bd5 e-flex e-con-boxed e-con e-parent\" data-id=\"4226bd5\" data-element_type=\"container\" data-e-type=\"container\">\n\t\t\t\t\t<div class=\"e-con-inner\">\n\t\t\t\t<div class=\"elementor-element elementor-element-bb2e016 elementor-widget elementor-widget-text-editor\" data-id=\"bb2e016\" data-element_type=\"widget\" data-e-type=\"widget\" data-widget_type=\"text-editor.default\">\n\t\t\t\t<div class=\"elementor-widget-container\">\n\t\t\t\t\t\t\t\t\t<p>Tijekom godina <strong data-start=\"15\" data-end=\"36\">Esensa Mediterana<\/strong> razvila se u sinonim za kvalitetu i inovacije, zahvaljuju\u0107i vlastitom laboratoriju <strong data-start=\"120\" data-end=\"136\">Dermoestetik<\/strong>, kontinuiranom istra\u017eivanju i jasnoj viziji razvoja. Njihov je cilj stvarati profesionalne proizvode i tretmane koji objedinjuju prirodne sastojke i stru\u010dnost, uz stalnu te\u017enju pomicanju granica u kozmetologiji i zadr\u017eavanju vode\u0107e pozicije u industriji prirodne njege.<\/p>\t\t\t\t\t\t\t\t<\/div>\n\t\t\t\t<\/div>\n\t\t\t\t\t<\/div>\n\t\t\t\t<\/div>\n\t\t\t\t<\/div>\n\t\t","protected":false},"excerpt":{"rendered":"<p>Esensa Mediterana je hrvatska tvrtka koja ve\u0107 vi\u0161e od dva desetlje\u0107a spaja bogatstvo mediteranske prirode s modernom kozmetologijom. Osnovali su je Ivana Legovi\u0107, ph.lab., kozmetologinja, i Roberto Legovi\u0107, dr. sc., s idejom da se znanstvena dostignu\u0107a i tradicionalno znanje o ljekovitom bilju i morskim sastojcima mogu povezati u vrhunsku prirodnu kozmetiku. Tvrtka je globalno prepoznata [&hellip;]<\/p>\n","protected":false},"author":1,"featured_media":0,"parent":0,"menu_order":0,"comment_status":"closed","ping_status":"closed","template":"","meta":{"ocean_post_layout":"","ocean_both_sidebars_style":"","ocean_both_sidebars_content_width":0,"ocean_both_sidebars_sidebars_width":0,"ocean_sidebar":"","ocean_second_sidebar":"","ocean_disable_margins":"enable","ocean_add_body_class":"","ocean_shortcode_before_top_bar":"","ocean_shortcode_after_top_bar":"","ocean_shortcode_before_header":"","ocean_shortcode_after_header":"","ocean_has_shortcode":"","ocean_shortcode_after_title":"","ocean_shortcode_before_footer_widgets":"","ocean_shortcode_after_footer_widgets":"","ocean_shortcode_before_footer_bottom":"","ocean_shortcode_after_footer_bottom":"","ocean_display_top_bar":"default","ocean_display_header":"default","ocean_header_style":"","ocean_center_header_left_menu":"","ocean_custom_header_template":"","ocean_custom_logo":0,"ocean_custom_retina_logo":0,"ocean_custom_logo_max_width":0,"ocean_custom_logo_tablet_max_width":0,"ocean_custom_logo_mobile_max_width":0,"ocean_custom_logo_max_height":0,"ocean_custom_logo_tablet_max_height":0,"ocean_custom_logo_mobile_max_height":0,"ocean_header_custom_menu":"","ocean_menu_typo_font_family":"","ocean_menu_typo_font_subset":"","ocean_menu_typo_font_size":0,"ocean_menu_typo_font_size_tablet":0,"ocean_menu_typo_font_size_mobile":0,"ocean_menu_typo_font_size_unit":"px","ocean_menu_typo_font_weight":"","ocean_menu_typo_font_weight_tablet":"","ocean_menu_typo_font_weight_mobile":"","ocean_menu_typo_transform":"","ocean_menu_typo_transform_tablet":"","ocean_menu_typo_transform_mobile":"","ocean_menu_typo_line_height":0,"ocean_menu_typo_line_height_tablet":0,"ocean_menu_typo_line_height_mobile":0,"ocean_menu_typo_line_height_unit":"","ocean_menu_typo_spacing":0,"ocean_menu_typo_spacing_tablet":0,"ocean_menu_typo_spacing_mobile":0,"ocean_menu_typo_spacing_unit":"","ocean_menu_link_color":"","ocean_menu_link_color_hover":"","ocean_menu_link_color_active":"","ocean_menu_link_background":"","ocean_menu_link_hover_background":"","ocean_menu_link_active_background":"","ocean_menu_social_links_bg":"","ocean_menu_social_hover_links_bg":"","ocean_menu_social_links_color":"","ocean_menu_social_hover_links_color":"","ocean_disable_title":"default","ocean_disable_heading":"default","ocean_post_title":"","ocean_post_subheading":"","ocean_post_title_style":"","ocean_post_title_background_color":"","ocean_post_title_background":0,"ocean_post_title_bg_image_position":"","ocean_post_title_bg_image_attachment":"","ocean_post_title_bg_image_repeat":"","ocean_post_title_bg_image_size":"","ocean_post_title_height":0,"ocean_post_title_bg_overlay":0.5,"ocean_post_title_bg_overlay_color":"","ocean_disable_breadcrumbs":"default","ocean_breadcrumbs_color":"","ocean_breadcrumbs_separator_color":"","ocean_breadcrumbs_links_color":"","ocean_breadcrumbs_links_hover_color":"","ocean_display_footer_widgets":"default","ocean_display_footer_bottom":"default","ocean_custom_footer_template":"","osp_disable_panel":"default","osh_disable_topbar_sticky":"default","osh_disable_header_sticky":"default","osh_sticky_header_style":"default","osh_sticky_header_effect":"","osh_custom_sticky_logo":0,"osh_custom_retina_sticky_logo":0,"osh_custom_sticky_logo_height":0,"osh_background_color":"","osh_links_color":"","osh_links_hover_color":"","osh_links_active_color":"","osh_links_bg_color":"","osh_links_hover_bg_color":"","osh_links_active_bg_color":"","osh_menu_social_links_color":"","osh_menu_social_hover_links_color":"","footnotes":""},"class_list":["post-2756","page","type-page","status-publish","hentry","entry","owp-thumbs-layout-horizontal","owp-btn-big","owp-tabs-layout-vertical","has-no-thumbnails"],"yoast_head":"<!-- This site is optimized with the Yoast SEO Premium plugin v24.4 (Yoast SEO v27.3) - https:\/\/yoast.com\/product\/yoast-seo-premium-wordpress\/ -->\n<title>O nama - Esensa Mediterana<\/title>\n<meta name=\"robots\" content=\"index, follow, max-snippet:-1, max-image-preview:large, max-video-preview:-1\" \/>\n<link rel=\"canonical\" href=\"https:\/\/new.esensamediterana.com\/hr\/o-nama\/\" \/>\n<meta property=\"og:locale\" content=\"hr_HR\" \/>\n<meta property=\"og:type\" content=\"article\" \/>\n<meta property=\"og:title\" content=\"O nama\" \/>\n<meta property=\"og:description\" content=\"Esensa Mediterana je hrvatska tvrtka koja ve\u0107 vi\u0161e od dva desetlje\u0107a spaja bogatstvo mediteranske prirode s modernom kozmetologijom. Osnovali su je Ivana Legovi\u0107, ph.lab., kozmetologinja, i Roberto Legovi\u0107, dr. sc., s idejom da se znanstvena dostignu\u0107a i tradicionalno znanje o ljekovitom bilju i morskim sastojcima mogu povezati u vrhunsku prirodnu kozmetiku. Tvrtka je globalno prepoznata [&hellip;]\" \/>\n<meta property=\"og:url\" content=\"https:\/\/new.esensamediterana.com\/hr\/o-nama\/\" \/>\n<meta property=\"og:site_name\" content=\"Esensa Mediterana\" \/>\n<meta property=\"article:publisher\" content=\"https:\/\/www.facebook.com\/EsensaMediterana\" \/>\n<meta property=\"article:modified_time\" content=\"2026-03-13T11:47:31+00:00\" \/>\n<meta property=\"og:image\" content=\"https:\/\/new.esensamediterana.com\/wp-content\/uploads\/2025\/09\/esensa-web-51.jpg\" \/>\n\t<meta property=\"og:image:width\" content=\"1750\" \/>\n\t<meta property=\"og:image:height\" content=\"1167\" \/>\n\t<meta property=\"og:image:type\" content=\"image\/jpeg\" \/>\n<meta name=\"twitter:card\" content=\"summary_large_image\" \/>\n<meta name=\"twitter:label1\" content=\"Procijenjeno vrijeme \u010ditanja\" \/>\n\t<meta name=\"twitter:data1\" content=\"2 minute\" \/>\n<script type=\"application\/ld+json\" class=\"yoast-schema-graph\">{\"@context\":\"https:\\\/\\\/schema.org\",\"@graph\":[{\"@type\":\"WebPage\",\"@id\":\"https:\\\/\\\/new.esensamediterana.com\\\/hr\\\/o-nama\\\/\",\"url\":\"https:\\\/\\\/new.esensamediterana.com\\\/hr\\\/o-nama\\\/\",\"name\":\"O nama - Esensa Mediterana\",\"isPartOf\":{\"@id\":\"https:\\\/\\\/new.esensamediterana.com\\\/hr\\\/#website\"},\"primaryImageOfPage\":{\"@id\":\"https:\\\/\\\/new.esensamediterana.com\\\/hr\\\/o-nama\\\/#primaryimage\"},\"image\":{\"@id\":\"https:\\\/\\\/new.esensamediterana.com\\\/hr\\\/o-nama\\\/#primaryimage\"},\"thumbnailUrl\":\"https:\\\/\\\/new.esensamediterana.com\\\/wp-content\\\/uploads\\\/2025\\\/09\\\/esensa-web-51-1024x683.jpg\",\"datePublished\":\"2025-09-19T06:40:54+00:00\",\"dateModified\":\"2026-03-13T11:47:31+00:00\",\"breadcrumb\":{\"@id\":\"https:\\\/\\\/new.esensamediterana.com\\\/hr\\\/o-nama\\\/#breadcrumb\"},\"inLanguage\":\"hr\",\"potentialAction\":[{\"@type\":\"ReadAction\",\"target\":[\"https:\\\/\\\/new.esensamediterana.com\\\/hr\\\/o-nama\\\/\"]}]},{\"@type\":\"ImageObject\",\"inLanguage\":\"hr\",\"@id\":\"https:\\\/\\\/new.esensamediterana.com\\\/hr\\\/o-nama\\\/#primaryimage\",\"url\":\"https:\\\/\\\/new.esensamediterana.com\\\/wp-content\\\/uploads\\\/2025\\\/09\\\/esensa-web-51-1024x683.jpg\",\"contentUrl\":\"https:\\\/\\\/new.esensamediterana.com\\\/wp-content\\\/uploads\\\/2025\\\/09\\\/esensa-web-51-1024x683.jpg\"},{\"@type\":\"BreadcrumbList\",\"@id\":\"https:\\\/\\\/new.esensamediterana.com\\\/hr\\\/o-nama\\\/#breadcrumb\",\"itemListElement\":[{\"@type\":\"ListItem\",\"position\":1,\"name\":\"Home\",\"item\":\"https:\\\/\\\/new.esensamediterana.com\\\/hr\\\/en\\\/\"},{\"@type\":\"ListItem\",\"position\":2,\"name\":\"O nama\"}]},{\"@type\":\"WebSite\",\"@id\":\"https:\\\/\\\/new.esensamediterana.com\\\/hr\\\/#website\",\"url\":\"https:\\\/\\\/new.esensamediterana.com\\\/hr\\\/\",\"name\":\"Esensa Mediterana\",\"description\":\"\",\"publisher\":{\"@id\":\"https:\\\/\\\/new.esensamediterana.com\\\/hr\\\/#organization\"},\"potentialAction\":[{\"@type\":\"SearchAction\",\"target\":{\"@type\":\"EntryPoint\",\"urlTemplate\":\"https:\\\/\\\/new.esensamediterana.com\\\/hr\\\/?s={search_term_string}\"},\"query-input\":{\"@type\":\"PropertyValueSpecification\",\"valueRequired\":true,\"valueName\":\"search_term_string\"}}],\"inLanguage\":\"hr\"},{\"@type\":\"Organization\",\"@id\":\"https:\\\/\\\/new.esensamediterana.com\\\/hr\\\/#organization\",\"name\":\"DERMOESTETIK GROUP D.O.O.\",\"url\":\"https:\\\/\\\/new.esensamediterana.com\\\/hr\\\/\",\"logo\":{\"@type\":\"ImageObject\",\"inLanguage\":\"hr\",\"@id\":\"https:\\\/\\\/new.esensamediterana.com\\\/hr\\\/#\\\/schema\\\/logo\\\/image\\\/\",\"url\":\"https:\\\/\\\/new.esensamediterana.com\\\/wp-content\\\/uploads\\\/2026\\\/01\\\/esensa-logo-crni-veliki.png\",\"contentUrl\":\"https:\\\/\\\/new.esensamediterana.com\\\/wp-content\\\/uploads\\\/2026\\\/01\\\/esensa-logo-crni-veliki.png\",\"width\":1056,\"height\":698,\"caption\":\"DERMOESTETIK GROUP D.O.O.\"},\"image\":{\"@id\":\"https:\\\/\\\/new.esensamediterana.com\\\/hr\\\/#\\\/schema\\\/logo\\\/image\\\/\"},\"sameAs\":[\"https:\\\/\\\/www.facebook.com\\\/EsensaMediterana\",\"https:\\\/\\\/www.instagram.com\\\/esensamediteranacroatia\\\/\"]}]}<\/script>\n<!-- \/ Yoast SEO Premium plugin. -->","yoast_head_json":{"title":"O nama - Esensa Mediterana","robots":{"index":"index","follow":"follow","max-snippet":"max-snippet:-1","max-image-preview":"max-image-preview:large","max-video-preview":"max-video-preview:-1"},"canonical":"https:\/\/new.esensamediterana.com\/hr\/o-nama\/","og_locale":"hr_HR","og_type":"article","og_title":"O nama","og_description":"Esensa Mediterana je hrvatska tvrtka koja ve\u0107 vi\u0161e od dva desetlje\u0107a spaja bogatstvo mediteranske prirode s modernom kozmetologijom. Osnovali su je Ivana Legovi\u0107, ph.lab., kozmetologinja, i Roberto Legovi\u0107, dr. sc., s idejom da se znanstvena dostignu\u0107a i tradicionalno znanje o ljekovitom bilju i morskim sastojcima mogu povezati u vrhunsku prirodnu kozmetiku. Tvrtka je globalno prepoznata [&hellip;]","og_url":"https:\/\/new.esensamediterana.com\/hr\/o-nama\/","og_site_name":"Esensa Mediterana","article_publisher":"https:\/\/www.facebook.com\/EsensaMediterana","article_modified_time":"2026-03-13T11:47:31+00:00","og_image":[{"width":1750,"height":1167,"url":"https:\/\/new.esensamediterana.com\/wp-content\/uploads\/2025\/09\/esensa-web-51.jpg","type":"image\/jpeg"}],"twitter_card":"summary_large_image","twitter_misc":{"Procijenjeno vrijeme \u010ditanja":"2 minute"},"schema":{"@context":"https:\/\/schema.org","@graph":[{"@type":"WebPage","@id":"https:\/\/new.esensamediterana.com\/hr\/o-nama\/","url":"https:\/\/new.esensamediterana.com\/hr\/o-nama\/","name":"O nama - Esensa Mediterana","isPartOf":{"@id":"https:\/\/new.esensamediterana.com\/hr\/#website"},"primaryImageOfPage":{"@id":"https:\/\/new.esensamediterana.com\/hr\/o-nama\/#primaryimage"},"image":{"@id":"https:\/\/new.esensamediterana.com\/hr\/o-nama\/#primaryimage"},"thumbnailUrl":"https:\/\/new.esensamediterana.com\/wp-content\/uploads\/2025\/09\/esensa-web-51-1024x683.jpg","datePublished":"2025-09-19T06:40:54+00:00","dateModified":"2026-03-13T11:47:31+00:00","breadcrumb":{"@id":"https:\/\/new.esensamediterana.com\/hr\/o-nama\/#breadcrumb"},"inLanguage":"hr","potentialAction":[{"@type":"ReadAction","target":["https:\/\/new.esensamediterana.com\/hr\/o-nama\/"]}]},{"@type":"ImageObject","inLanguage":"hr","@id":"https:\/\/new.esensamediterana.com\/hr\/o-nama\/#primaryimage","url":"https:\/\/new.esensamediterana.com\/wp-content\/uploads\/2025\/09\/esensa-web-51-1024x683.jpg","contentUrl":"https:\/\/new.esensamediterana.com\/wp-content\/uploads\/2025\/09\/esensa-web-51-1024x683.jpg"},{"@type":"BreadcrumbList","@id":"https:\/\/new.esensamediterana.com\/hr\/o-nama\/#breadcrumb","itemListElement":[{"@type":"ListItem","position":1,"name":"Home","item":"https:\/\/new.esensamediterana.com\/hr\/en\/"},{"@type":"ListItem","position":2,"name":"O nama"}]},{"@type":"WebSite","@id":"https:\/\/new.esensamediterana.com\/hr\/#website","url":"https:\/\/new.esensamediterana.com\/hr\/","name":"Esensa Mediterana","description":"","publisher":{"@id":"https:\/\/new.esensamediterana.com\/hr\/#organization"},"potentialAction":[{"@type":"SearchAction","target":{"@type":"EntryPoint","urlTemplate":"https:\/\/new.esensamediterana.com\/hr\/?s={search_term_string}"},"query-input":{"@type":"PropertyValueSpecification","valueRequired":true,"valueName":"search_term_string"}}],"inLanguage":"hr"},{"@type":"Organization","@id":"https:\/\/new.esensamediterana.com\/hr\/#organization","name":"DERMOESTETIK GROUP D.O.O.","url":"https:\/\/new.esensamediterana.com\/hr\/","logo":{"@type":"ImageObject","inLanguage":"hr","@id":"https:\/\/new.esensamediterana.com\/hr\/#\/schema\/logo\/image\/","url":"https:\/\/new.esensamediterana.com\/wp-content\/uploads\/2026\/01\/esensa-logo-crni-veliki.png","contentUrl":"https:\/\/new.esensamediterana.com\/wp-content\/uploads\/2026\/01\/esensa-logo-crni-veliki.png","width":1056,"height":698,"caption":"DERMOESTETIK GROUP D.O.O."},"image":{"@id":"https:\/\/new.esensamediterana.com\/hr\/#\/schema\/logo\/image\/"},"sameAs":["https:\/\/www.facebook.com\/EsensaMediterana","https:\/\/www.instagram.com\/esensamediteranacroatia\/"]}]}},"_links":{"self":[{"href":"https:\/\/new.esensamediterana.com\/hr\/wp-json\/wp\/v2\/pages\/2756","targetHints":{"allow":["GET"]}}],"collection":[{"href":"https:\/\/new.esensamediterana.com\/hr\/wp-json\/wp\/v2\/pages"}],"about":[{"href":"https:\/\/new.esensamediterana.com\/hr\/wp-json\/wp\/v2\/types\/page"}],"author":[{"embeddable":true,"href":"https:\/\/new.esensamediterana.com\/hr\/wp-json\/wp\/v2\/users\/1"}],"replies":[{"embeddable":true,"href":"https:\/\/new.esensamediterana.com\/hr\/wp-json\/wp\/v2\/comments?post=2756"}],"version-history":[{"count":7,"href":"https:\/\/new.esensamediterana.com\/hr\/wp-json\/wp\/v2\/pages\/2756\/revisions"}],"predecessor-version":[{"id":2778,"href":"https:\/\/new.esensamediterana.com\/hr\/wp-json\/wp\/v2\/pages\/2756\/revisions\/2778"}],"wp:attachment":[{"href":"https:\/\/new.esensamediterana.com\/hr\/wp-json\/wp\/v2\/media?parent=2756"}],"curies":[{"name":"wp","href":"https:\/\/api.w.org\/{rel}","templated":true}]}}