{"id":2025,"date":"2025-04-28T14:23:43","date_gmt":"2025-04-28T14:23:43","guid":{"rendered":"https:\/\/new.esensamediterana.com\/?post_type=product&#038;p=2025"},"modified":"2025-04-28T14:25:52","modified_gmt":"2025-04-28T14:25:52","slug":"prirodni-aromafito-gel-za-tusiranje-200ml","status":"publish","type":"product","link":"https:\/\/new.esensamediterana.com\/hr\/proizvod\/prirodni-aromafito-gel-za-tusiranje-200ml\/","title":{"rendered":"Prirodni Aroma&#038;Fito Gel za Tu\u0161iranje 200ml"},"content":{"rendered":"<p>Prirodni gel za tu\u0161iranje je idealna kombinacija biranih biljnih ekstakata , hidrolata i eteri\u010dnih ulja koja ko\u017eu \u010dine njegovanom i zdravom. Zahvaljuju\u0107i bogatstvu sadr\u017eaja poput organskog ekstrakta jabuke, hidrolata lavande i ru\u017ee te eteri\u010dnih ulja naran\u010de i mente ovaj bar\u0161unasti gel djeluje umiruju\u0107e, osvje\u017eavaju\u0107e uz hidrataciju ko\u017ee cijelog tijela. Pogodan je za sve tipove ko\u017ee pru\u017eaju\u0107i joj potrebnu vla\u017enost i elasti\u010dnost.<\/p>\n","protected":false},"excerpt":{"rendered":"<p>Prirodni gel za tu\u0161iranje je idealna kombinacija biranih biljnih ekstakata , hidrolata i eteri\u010dnih ulja koja ko\u017eu \u010dine njegovanom i zdravom. Zahvaljuju\u0107i bogatstvu sadr\u017eaja poput organskog ekstrakta jabuke, hidrolata lavande i ru\u017ee te eteri\u010dnih ulja naran\u010de i mente ovaj bar\u0161unasti gel djeluje umiruju\u0107e, osvje\u017eavaju\u0107e uz hidrataciju ko\u017ee cijelog tijela. Pogodan je za sve tipove ko\u017ee pru\u017eaju\u0107i joj potrebnu vla\u017enost i elasti\u010dnost.<\/p>\n","protected":false},"featured_media":2196,"comment_status":"open","ping_status":"closed","template":"","meta":{"ocean_post_layout":"","ocean_both_sidebars_style":"","ocean_both_sidebars_content_width":0,"ocean_both_sidebars_sidebars_width":0,"ocean_sidebar":"0","ocean_second_sidebar":"0","ocean_disable_margins":"enable","ocean_add_body_class":"","ocean_shortcode_before_top_bar":"","ocean_shortcode_after_top_bar":"","ocean_shortcode_before_header":"","ocean_shortcode_after_header":"","ocean_has_shortcode":"","ocean_shortcode_after_title":"","ocean_shortcode_before_footer_widgets":"","ocean_shortcode_after_footer_widgets":"","ocean_shortcode_before_footer_bottom":"","ocean_shortcode_after_footer_bottom":"","ocean_display_top_bar":"default","ocean_display_header":"default","ocean_header_style":"","ocean_center_header_left_menu":"0","ocean_custom_header_template":"0","ocean_custom_logo":0,"ocean_custom_retina_logo":0,"ocean_custom_logo_max_width":0,"ocean_custom_logo_tablet_max_width":0,"ocean_custom_logo_mobile_max_width":0,"ocean_custom_logo_max_height":0,"ocean_custom_logo_tablet_max_height":0,"ocean_custom_logo_mobile_max_height":0,"ocean_header_custom_menu":"0","ocean_menu_typo_font_family":"0","ocean_menu_typo_font_subset":"","ocean_menu_typo_font_size":0,"ocean_menu_typo_font_size_tablet":0,"ocean_menu_typo_font_size_mobile":0,"ocean_menu_typo_font_size_unit":"px","ocean_menu_typo_font_weight":"","ocean_menu_typo_font_weight_tablet":"","ocean_menu_typo_font_weight_mobile":"","ocean_menu_typo_transform":"","ocean_menu_typo_transform_tablet":"","ocean_menu_typo_transform_mobile":"","ocean_menu_typo_line_height":0,"ocean_menu_typo_line_height_tablet":0,"ocean_menu_typo_line_height_mobile":0,"ocean_menu_typo_line_height_unit":"","ocean_menu_typo_spacing":0,"ocean_menu_typo_spacing_tablet":0,"ocean_menu_typo_spacing_mobile":0,"ocean_menu_typo_spacing_unit":"","ocean_menu_link_color":"","ocean_menu_link_color_hover":"","ocean_menu_link_color_active":"","ocean_menu_link_background":"","ocean_menu_link_hover_background":"","ocean_menu_link_active_background":"","ocean_menu_social_links_bg":"","ocean_menu_social_hover_links_bg":"","ocean_menu_social_links_color":"","ocean_menu_social_hover_links_color":"","ocean_disable_title":"default","ocean_disable_heading":"default","ocean_post_title":"","ocean_post_subheading":"","ocean_post_title_style":"","ocean_post_title_background_color":"","ocean_post_title_background":0,"ocean_post_title_bg_image_position":"","ocean_post_title_bg_image_attachment":"","ocean_post_title_bg_image_repeat":"","ocean_post_title_bg_image_size":"","ocean_post_title_height":0,"ocean_post_title_bg_overlay":0.5,"ocean_post_title_bg_overlay_color":"","ocean_disable_breadcrumbs":"default","ocean_breadcrumbs_color":"","ocean_breadcrumbs_separator_color":"","ocean_breadcrumbs_links_color":"","ocean_breadcrumbs_links_hover_color":"","ocean_display_footer_widgets":"default","ocean_display_footer_bottom":"default","ocean_custom_footer_template":"0","osp_disable_panel":"default","osh_disable_topbar_sticky":"default","osh_disable_header_sticky":"default","osh_sticky_header_style":"default","osh_sticky_header_effect":"","osh_custom_sticky_logo":0,"osh_custom_retina_sticky_logo":0,"osh_custom_sticky_logo_height":0,"osh_background_color":"","osh_links_color":"","osh_links_hover_color":"","osh_links_active_color":"","osh_links_bg_color":"","osh_links_hover_bg_color":"","osh_links_active_bg_color":"","osh_menu_social_links_color":"","osh_menu_social_hover_links_color":""},"product_brand":[],"product_cat":[178],"product_tag":[],"class_list":{"0":"post-2025","1":"product","2":"type-product","3":"status-publish","4":"has-post-thumbnail","6":"product_cat-tijelo","8":"entry","9":"has-media","11":"first","12":"instock","13":"taxable","14":"shipping-taxable","15":"purchasable","16":"product-type-simple","17":"col","18":"span_1_of_3","19":"owp-content-center","20":"item-entry","21":"owp-thumbs-layout-horizontal","22":"owp-btn-big","23":"owp-tabs-layout-vertical","24":"has-no-thumbnails"},"yoast_head":"<!-- This site is optimized with the Yoast SEO Premium plugin v24.4 (Yoast SEO v27.3) - https:\/\/yoast.com\/product\/yoast-seo-premium-wordpress\/ -->\n<title>Prirodni Aroma&amp;Fito Gel za Tu\u0161iranje 200ml - Esensa Mediterana<\/title>\n<meta name=\"robots\" content=\"index, follow, max-snippet:-1, max-image-preview:large, max-video-preview:-1\" \/>\n<link rel=\"canonical\" href=\"https:\/\/new.esensamediterana.com\/hr\/proizvod\/prirodni-aromafito-gel-za-tusiranje-200ml\/\" \/>\n<meta property=\"og:locale\" content=\"hr_HR\" \/>\n<meta property=\"og:type\" content=\"article\" \/>\n<meta property=\"og:title\" content=\"Prirodni Aroma&amp;Fito Gel za Tu\u0161iranje 200ml\" \/>\n<meta property=\"og:description\" content=\"Prirodni gel za tu\u0161iranje je idealna kombinacija biranih biljnih ekstakata , hidrolata i eteri\u010dnih ulja koja ko\u017eu \u010dine njegovanom i zdravom. Zahvaljuju\u0107i bogatstvu sadr\u017eaja poput organskog ekstrakta jabuke, hidrolata lavande i ru\u017ee te eteri\u010dnih ulja naran\u010de i mente ovaj bar\u0161unasti gel djeluje umiruju\u0107e, osvje\u017eavaju\u0107e uz hidrataciju ko\u017ee cijelog tijela. Pogodan je za sve tipove ko\u017ee pru\u017eaju\u0107i joj potrebnu vla\u017enost i elasti\u010dnost.\" \/>\n<meta property=\"og:url\" content=\"https:\/\/new.esensamediterana.com\/hr\/proizvod\/prirodni-aromafito-gel-za-tusiranje-200ml\/\" \/>\n<meta property=\"og:site_name\" content=\"Esensa Mediterana\" \/>\n<meta property=\"article:publisher\" content=\"https:\/\/www.facebook.com\/EsensaMediterana\" \/>\n<meta property=\"article:modified_time\" content=\"2025-04-28T14:25:52+00:00\" \/>\n<meta property=\"og:image\" content=\"https:\/\/new.esensamediterana.com\/wp-content\/uploads\/2025\/04\/natural_aroma___phyto_shower_gel_apple_extract_lavander___aloe_vera.webp\" \/>\n\t<meta property=\"og:image:width\" content=\"533\" \/>\n\t<meta property=\"og:image:height\" content=\"800\" \/>\n\t<meta property=\"og:image:type\" content=\"image\/webp\" \/>\n<meta name=\"twitter:card\" content=\"summary_large_image\" \/>\n<meta name=\"twitter:label1\" content=\"Procijenjeno vrijeme \u010ditanja\" \/>\n\t<meta name=\"twitter:data1\" content=\"1 minuta\" \/>\n<script type=\"application\/ld+json\" class=\"yoast-schema-graph\">{\"@context\":\"https:\\\/\\\/schema.org\",\"@graph\":[{\"@type\":\"WebPage\",\"@id\":\"https:\\\/\\\/new.esensamediterana.com\\\/hr\\\/proizvod\\\/prirodni-aromafito-gel-za-tusiranje-200ml\\\/\",\"url\":\"https:\\\/\\\/new.esensamediterana.com\\\/hr\\\/proizvod\\\/prirodni-aromafito-gel-za-tusiranje-200ml\\\/\",\"name\":\"Prirodni Aroma&Fito Gel za Tu\u0161iranje 200ml - Esensa Mediterana\",\"isPartOf\":{\"@id\":\"https:\\\/\\\/new.esensamediterana.com\\\/hr\\\/#website\"},\"primaryImageOfPage\":{\"@id\":\"https:\\\/\\\/new.esensamediterana.com\\\/hr\\\/proizvod\\\/prirodni-aromafito-gel-za-tusiranje-200ml\\\/#primaryimage\"},\"image\":{\"@id\":\"https:\\\/\\\/new.esensamediterana.com\\\/hr\\\/proizvod\\\/prirodni-aromafito-gel-za-tusiranje-200ml\\\/#primaryimage\"},\"thumbnailUrl\":\"https:\\\/\\\/new.esensamediterana.com\\\/wp-content\\\/uploads\\\/2025\\\/04\\\/natural_aroma___phyto_shower_gel_apple_extract_lavander___aloe_vera.webp\",\"datePublished\":\"2025-04-28T14:23:43+00:00\",\"dateModified\":\"2025-04-28T14:25:52+00:00\",\"breadcrumb\":{\"@id\":\"https:\\\/\\\/new.esensamediterana.com\\\/hr\\\/proizvod\\\/prirodni-aromafito-gel-za-tusiranje-200ml\\\/#breadcrumb\"},\"inLanguage\":\"hr\",\"potentialAction\":[{\"@type\":\"ReadAction\",\"target\":[\"https:\\\/\\\/new.esensamediterana.com\\\/hr\\\/proizvod\\\/prirodni-aromafito-gel-za-tusiranje-200ml\\\/\"]}]},{\"@type\":\"ImageObject\",\"inLanguage\":\"hr\",\"@id\":\"https:\\\/\\\/new.esensamediterana.com\\\/hr\\\/proizvod\\\/prirodni-aromafito-gel-za-tusiranje-200ml\\\/#primaryimage\",\"url\":\"https:\\\/\\\/new.esensamediterana.com\\\/wp-content\\\/uploads\\\/2025\\\/04\\\/natural_aroma___phyto_shower_gel_apple_extract_lavander___aloe_vera.webp\",\"contentUrl\":\"https:\\\/\\\/new.esensamediterana.com\\\/wp-content\\\/uploads\\\/2025\\\/04\\\/natural_aroma___phyto_shower_gel_apple_extract_lavander___aloe_vera.webp\",\"width\":533,\"height\":800},{\"@type\":\"BreadcrumbList\",\"@id\":\"https:\\\/\\\/new.esensamediterana.com\\\/hr\\\/proizvod\\\/prirodni-aromafito-gel-za-tusiranje-200ml\\\/#breadcrumb\",\"itemListElement\":[{\"@type\":\"ListItem\",\"position\":1,\"name\":\"Home\",\"item\":\"https:\\\/\\\/new.esensamediterana.com\\\/hr\\\/en\\\/\"},{\"@type\":\"ListItem\",\"position\":2,\"name\":\"Trgovina\",\"item\":\"https:\\\/\\\/new.esensamediterana.com\\\/hr\\\/trgovina\\\/\"},{\"@type\":\"ListItem\",\"position\":3,\"name\":\"Prirodni Aroma&#038;Fito Gel za Tu\u0161iranje 200ml\"}]},{\"@type\":\"WebSite\",\"@id\":\"https:\\\/\\\/new.esensamediterana.com\\\/hr\\\/#website\",\"url\":\"https:\\\/\\\/new.esensamediterana.com\\\/hr\\\/\",\"name\":\"Esensa Mediterana\",\"description\":\"\",\"publisher\":{\"@id\":\"https:\\\/\\\/new.esensamediterana.com\\\/hr\\\/#organization\"},\"potentialAction\":[{\"@type\":\"SearchAction\",\"target\":{\"@type\":\"EntryPoint\",\"urlTemplate\":\"https:\\\/\\\/new.esensamediterana.com\\\/hr\\\/?s={search_term_string}\"},\"query-input\":{\"@type\":\"PropertyValueSpecification\",\"valueRequired\":true,\"valueName\":\"search_term_string\"}}],\"inLanguage\":\"hr\"},{\"@type\":\"Organization\",\"@id\":\"https:\\\/\\\/new.esensamediterana.com\\\/hr\\\/#organization\",\"name\":\"DERMOESTETIK GROUP D.O.O.\",\"url\":\"https:\\\/\\\/new.esensamediterana.com\\\/hr\\\/\",\"logo\":{\"@type\":\"ImageObject\",\"inLanguage\":\"hr\",\"@id\":\"https:\\\/\\\/new.esensamediterana.com\\\/hr\\\/#\\\/schema\\\/logo\\\/image\\\/\",\"url\":\"https:\\\/\\\/new.esensamediterana.com\\\/wp-content\\\/uploads\\\/2026\\\/01\\\/esensa-logo-crni-veliki.png\",\"contentUrl\":\"https:\\\/\\\/new.esensamediterana.com\\\/wp-content\\\/uploads\\\/2026\\\/01\\\/esensa-logo-crni-veliki.png\",\"width\":1056,\"height\":698,\"caption\":\"DERMOESTETIK GROUP D.O.O.\"},\"image\":{\"@id\":\"https:\\\/\\\/new.esensamediterana.com\\\/hr\\\/#\\\/schema\\\/logo\\\/image\\\/\"},\"sameAs\":[\"https:\\\/\\\/www.facebook.com\\\/EsensaMediterana\",\"https:\\\/\\\/www.instagram.com\\\/esensamediteranacroatia\\\/\"]}]}<\/script>\n<!-- \/ Yoast SEO Premium plugin. -->","yoast_head_json":{"title":"Prirodni Aroma&Fito Gel za Tu\u0161iranje 200ml - Esensa Mediterana","robots":{"index":"index","follow":"follow","max-snippet":"max-snippet:-1","max-image-preview":"max-image-preview:large","max-video-preview":"max-video-preview:-1"},"canonical":"https:\/\/new.esensamediterana.com\/hr\/proizvod\/prirodni-aromafito-gel-za-tusiranje-200ml\/","og_locale":"hr_HR","og_type":"article","og_title":"Prirodni Aroma&Fito Gel za Tu\u0161iranje 200ml","og_description":"Prirodni gel za tu\u0161iranje je idealna kombinacija biranih biljnih ekstakata , hidrolata i eteri\u010dnih ulja koja ko\u017eu \u010dine njegovanom i zdravom. Zahvaljuju\u0107i bogatstvu sadr\u017eaja poput organskog ekstrakta jabuke, hidrolata lavande i ru\u017ee te eteri\u010dnih ulja naran\u010de i mente ovaj bar\u0161unasti gel djeluje umiruju\u0107e, osvje\u017eavaju\u0107e uz hidrataciju ko\u017ee cijelog tijela. Pogodan je za sve tipove ko\u017ee pru\u017eaju\u0107i joj potrebnu vla\u017enost i elasti\u010dnost.","og_url":"https:\/\/new.esensamediterana.com\/hr\/proizvod\/prirodni-aromafito-gel-za-tusiranje-200ml\/","og_site_name":"Esensa Mediterana","article_publisher":"https:\/\/www.facebook.com\/EsensaMediterana","article_modified_time":"2025-04-28T14:25:52+00:00","og_image":[{"width":533,"height":800,"url":"https:\/\/new.esensamediterana.com\/wp-content\/uploads\/2025\/04\/natural_aroma___phyto_shower_gel_apple_extract_lavander___aloe_vera.webp","type":"image\/webp"}],"twitter_card":"summary_large_image","twitter_misc":{"Procijenjeno vrijeme \u010ditanja":"1 minuta"},"schema":{"@context":"https:\/\/schema.org","@graph":[{"@type":"WebPage","@id":"https:\/\/new.esensamediterana.com\/hr\/proizvod\/prirodni-aromafito-gel-za-tusiranje-200ml\/","url":"https:\/\/new.esensamediterana.com\/hr\/proizvod\/prirodni-aromafito-gel-za-tusiranje-200ml\/","name":"Prirodni Aroma&Fito Gel za Tu\u0161iranje 200ml - Esensa Mediterana","isPartOf":{"@id":"https:\/\/new.esensamediterana.com\/hr\/#website"},"primaryImageOfPage":{"@id":"https:\/\/new.esensamediterana.com\/hr\/proizvod\/prirodni-aromafito-gel-za-tusiranje-200ml\/#primaryimage"},"image":{"@id":"https:\/\/new.esensamediterana.com\/hr\/proizvod\/prirodni-aromafito-gel-za-tusiranje-200ml\/#primaryimage"},"thumbnailUrl":"https:\/\/new.esensamediterana.com\/wp-content\/uploads\/2025\/04\/natural_aroma___phyto_shower_gel_apple_extract_lavander___aloe_vera.webp","datePublished":"2025-04-28T14:23:43+00:00","dateModified":"2025-04-28T14:25:52+00:00","breadcrumb":{"@id":"https:\/\/new.esensamediterana.com\/hr\/proizvod\/prirodni-aromafito-gel-za-tusiranje-200ml\/#breadcrumb"},"inLanguage":"hr","potentialAction":[{"@type":"ReadAction","target":["https:\/\/new.esensamediterana.com\/hr\/proizvod\/prirodni-aromafito-gel-za-tusiranje-200ml\/"]}]},{"@type":"ImageObject","inLanguage":"hr","@id":"https:\/\/new.esensamediterana.com\/hr\/proizvod\/prirodni-aromafito-gel-za-tusiranje-200ml\/#primaryimage","url":"https:\/\/new.esensamediterana.com\/wp-content\/uploads\/2025\/04\/natural_aroma___phyto_shower_gel_apple_extract_lavander___aloe_vera.webp","contentUrl":"https:\/\/new.esensamediterana.com\/wp-content\/uploads\/2025\/04\/natural_aroma___phyto_shower_gel_apple_extract_lavander___aloe_vera.webp","width":533,"height":800},{"@type":"BreadcrumbList","@id":"https:\/\/new.esensamediterana.com\/hr\/proizvod\/prirodni-aromafito-gel-za-tusiranje-200ml\/#breadcrumb","itemListElement":[{"@type":"ListItem","position":1,"name":"Home","item":"https:\/\/new.esensamediterana.com\/hr\/en\/"},{"@type":"ListItem","position":2,"name":"Trgovina","item":"https:\/\/new.esensamediterana.com\/hr\/trgovina\/"},{"@type":"ListItem","position":3,"name":"Prirodni Aroma&#038;Fito Gel za Tu\u0161iranje 200ml"}]},{"@type":"WebSite","@id":"https:\/\/new.esensamediterana.com\/hr\/#website","url":"https:\/\/new.esensamediterana.com\/hr\/","name":"Esensa Mediterana","description":"","publisher":{"@id":"https:\/\/new.esensamediterana.com\/hr\/#organization"},"potentialAction":[{"@type":"SearchAction","target":{"@type":"EntryPoint","urlTemplate":"https:\/\/new.esensamediterana.com\/hr\/?s={search_term_string}"},"query-input":{"@type":"PropertyValueSpecification","valueRequired":true,"valueName":"search_term_string"}}],"inLanguage":"hr"},{"@type":"Organization","@id":"https:\/\/new.esensamediterana.com\/hr\/#organization","name":"DERMOESTETIK GROUP D.O.O.","url":"https:\/\/new.esensamediterana.com\/hr\/","logo":{"@type":"ImageObject","inLanguage":"hr","@id":"https:\/\/new.esensamediterana.com\/hr\/#\/schema\/logo\/image\/","url":"https:\/\/new.esensamediterana.com\/wp-content\/uploads\/2026\/01\/esensa-logo-crni-veliki.png","contentUrl":"https:\/\/new.esensamediterana.com\/wp-content\/uploads\/2026\/01\/esensa-logo-crni-veliki.png","width":1056,"height":698,"caption":"DERMOESTETIK GROUP D.O.O."},"image":{"@id":"https:\/\/new.esensamediterana.com\/hr\/#\/schema\/logo\/image\/"},"sameAs":["https:\/\/www.facebook.com\/EsensaMediterana","https:\/\/www.instagram.com\/esensamediteranacroatia\/"]}]}},"_links":{"self":[{"href":"https:\/\/new.esensamediterana.com\/hr\/wp-json\/wp\/v2\/product\/2025","targetHints":{"allow":["GET"]}}],"collection":[{"href":"https:\/\/new.esensamediterana.com\/hr\/wp-json\/wp\/v2\/product"}],"about":[{"href":"https:\/\/new.esensamediterana.com\/hr\/wp-json\/wp\/v2\/types\/product"}],"replies":[{"embeddable":true,"href":"https:\/\/new.esensamediterana.com\/hr\/wp-json\/wp\/v2\/comments?post=2025"}],"wp:featuredmedia":[{"embeddable":true,"href":"https:\/\/new.esensamediterana.com\/hr\/wp-json\/wp\/v2\/media\/2196"}],"wp:attachment":[{"href":"https:\/\/new.esensamediterana.com\/hr\/wp-json\/wp\/v2\/media?parent=2025"}],"wp:term":[{"taxonomy":"product_brand","embeddable":true,"href":"https:\/\/new.esensamediterana.com\/hr\/wp-json\/wp\/v2\/product_brand?post=2025"},{"taxonomy":"product_cat","embeddable":true,"href":"https:\/\/new.esensamediterana.com\/hr\/wp-json\/wp\/v2\/product_cat?post=2025"},{"taxonomy":"product_tag","embeddable":true,"href":"https:\/\/new.esensamediterana.com\/hr\/wp-json\/wp\/v2\/product_tag?post=2025"}],"curies":[{"name":"wp","href":"https:\/\/api.w.org\/{rel}","templated":true}]}}