{"id":2057,"date":"2025-04-28T17:58:25","date_gmt":"2025-04-28T17:58:25","guid":{"rendered":"https:\/\/new.esensamediterana.com\/?post_type=product&#038;p=2057"},"modified":"2025-04-28T18:02:27","modified_gmt":"2025-04-28T18:02:27","slug":"aqua-distria-parfem-za-zene-50ml","status":"publish","type":"product","link":"https:\/\/new.esensamediterana.com\/hr\/proizvod\/aqua-distria-parfem-za-zene-50ml\/","title":{"rendered":"Aqua d&#8217;Istria parfem za \u017eene 50ml"},"content":{"rendered":"<p>Zavodljivi miris koji je kreiran za \u017eene sa karizmom, sna\u017eno se otvara kraljicom mirisnih nota damask ru\u017eom \u010diji stav i o\u0161trinu dopunjava ru\u017ei\u010dasti papar i vo\u0107ni crni ribiz, a razigranost daju vesele citrusne note bergamota i limuna.<\/p>\n<p>Nakon zavodljive i pomalo o\u0161tre gornje note, romanti\u010dno srce parfema ipak odaju cvjetno-vo\u0107ni mirisi s notama\u00a0istarskog jorgovana, pa\u010dulia\u00a0te mirisna zelena jabuka koja ovoj srednjoj noti daje ugodno smirenje.<\/p>\n<p>Bazu parfema ispunjava drvenasti miris prekrasnih nota cedra, ambera povezanog sa senzualnim mo\u0161usom te Styrax \u2013 Sweet Gum aromom blage balzami\u010dne, cvjetne i pomalo za\u010dinske smolaste arome jantara.<\/p>\n<p>U ovoj dobro izbalansiranoj parfemskoj kombinaciji koja ugodno, ali brzo pro\u017eima olfaktorna osjetila na prvi dodir, nitko ne\u0107e ostati neprimije\u0107en ako ga nosi na sebi bez obzira na svoj styling dana.<\/p>\n","protected":false},"excerpt":{"rendered":"<p>Zavodljivi miris koji je kreiran za \u017eene sa karizmom, sna\u017eno se otvara kraljicom mirisnih nota damask ru\u017eom \u010diji stav i o\u0161trinu dopunjava ru\u017ei\u010dasti papar i vo\u0107ni crni ribiz, a razigranost daju vesele citrusne note bergamota i limuna.<\/p>\n<p>Nakon zavodljive i pomalo o\u0161tre gornje note, romanti\u010dno srce parfema ipak odaju cvjetno-vo\u0107ni mirisi s notama\u00a0istarskog jorgovana, pa\u010dulia\u00a0te mirisna zelena jabuka koja ovoj srednjoj noti daje ugodno smirenje.<\/p>\n<p>Bazu parfema ispunjava drvenasti miris prekrasnih nota cedra, ambera povezanog sa senzualnim mo\u0161usom te Styrax \u2013 Sweet Gum aromom blage balzami\u010dne, cvjetne i pomalo za\u010dinske smolaste arome jantara.<\/p>\n<p>U ovoj dobro izbalansiranoj parfemskoj kombinaciji koja ugodno, ali brzo pro\u017eima olfaktorna osjetila na prvi dodir, nitko ne\u0107e ostati neprimije\u0107en ako ga nosi na sebi bez obzira na svoj styling dana.<\/p>\n","protected":false},"featured_media":2472,"comment_status":"open","ping_status":"closed","template":"","meta":{"ocean_post_layout":"","ocean_both_sidebars_style":"","ocean_both_sidebars_content_width":0,"ocean_both_sidebars_sidebars_width":0,"ocean_sidebar":"0","ocean_second_sidebar":"0","ocean_disable_margins":"enable","ocean_add_body_class":"","ocean_shortcode_before_top_bar":"","ocean_shortcode_after_top_bar":"","ocean_shortcode_before_header":"","ocean_shortcode_after_header":"","ocean_has_shortcode":"","ocean_shortcode_after_title":"","ocean_shortcode_before_footer_widgets":"","ocean_shortcode_after_footer_widgets":"","ocean_shortcode_before_footer_bottom":"","ocean_shortcode_after_footer_bottom":"","ocean_display_top_bar":"default","ocean_display_header":"default","ocean_header_style":"","ocean_center_header_left_menu":"0","ocean_custom_header_template":"0","ocean_custom_logo":0,"ocean_custom_retina_logo":0,"ocean_custom_logo_max_width":0,"ocean_custom_logo_tablet_max_width":0,"ocean_custom_logo_mobile_max_width":0,"ocean_custom_logo_max_height":0,"ocean_custom_logo_tablet_max_height":0,"ocean_custom_logo_mobile_max_height":0,"ocean_header_custom_menu":"0","ocean_menu_typo_font_family":"0","ocean_menu_typo_font_subset":"","ocean_menu_typo_font_size":0,"ocean_menu_typo_font_size_tablet":0,"ocean_menu_typo_font_size_mobile":0,"ocean_menu_typo_font_size_unit":"px","ocean_menu_typo_font_weight":"","ocean_menu_typo_font_weight_tablet":"","ocean_menu_typo_font_weight_mobile":"","ocean_menu_typo_transform":"","ocean_menu_typo_transform_tablet":"","ocean_menu_typo_transform_mobile":"","ocean_menu_typo_line_height":0,"ocean_menu_typo_line_height_tablet":0,"ocean_menu_typo_line_height_mobile":0,"ocean_menu_typo_line_height_unit":"","ocean_menu_typo_spacing":0,"ocean_menu_typo_spacing_tablet":0,"ocean_menu_typo_spacing_mobile":0,"ocean_menu_typo_spacing_unit":"","ocean_menu_link_color":"","ocean_menu_link_color_hover":"","ocean_menu_link_color_active":"","ocean_menu_link_background":"","ocean_menu_link_hover_background":"","ocean_menu_link_active_background":"","ocean_menu_social_links_bg":"","ocean_menu_social_hover_links_bg":"","ocean_menu_social_links_color":"","ocean_menu_social_hover_links_color":"","ocean_disable_title":"default","ocean_disable_heading":"default","ocean_post_title":"","ocean_post_subheading":"","ocean_post_title_style":"","ocean_post_title_background_color":"","ocean_post_title_background":0,"ocean_post_title_bg_image_position":"","ocean_post_title_bg_image_attachment":"","ocean_post_title_bg_image_repeat":"","ocean_post_title_bg_image_size":"","ocean_post_title_height":0,"ocean_post_title_bg_overlay":0.5,"ocean_post_title_bg_overlay_color":"","ocean_disable_breadcrumbs":"default","ocean_breadcrumbs_color":"","ocean_breadcrumbs_separator_color":"","ocean_breadcrumbs_links_color":"","ocean_breadcrumbs_links_hover_color":"","ocean_display_footer_widgets":"default","ocean_display_footer_bottom":"default","ocean_custom_footer_template":"0","osp_disable_panel":"default","osh_disable_topbar_sticky":"default","osh_disable_header_sticky":"default","osh_sticky_header_style":"default","osh_sticky_header_effect":"","osh_custom_sticky_logo":0,"osh_custom_retina_sticky_logo":0,"osh_custom_sticky_logo_height":0,"osh_background_color":"","osh_links_color":"","osh_links_hover_color":"","osh_links_active_color":"","osh_links_bg_color":"","osh_links_hover_bg_color":"","osh_links_active_bg_color":"","osh_menu_social_links_color":"","osh_menu_social_hover_links_color":""},"product_brand":[],"product_cat":[178],"product_tag":[],"class_list":{"0":"post-2057","1":"product","2":"type-product","3":"status-publish","4":"has-post-thumbnail","6":"product_cat-tijelo","8":"entry","9":"has-media","11":"first","12":"instock","13":"taxable","14":"shipping-taxable","15":"purchasable","16":"product-type-simple","17":"col","18":"span_1_of_3","19":"owp-content-center","20":"item-entry","21":"owp-thumbs-layout-horizontal","22":"owp-btn-big","23":"owp-tabs-layout-vertical"},"yoast_head":"<!-- This site is optimized with the Yoast SEO Premium plugin v24.4 (Yoast SEO v27.3) - https:\/\/yoast.com\/product\/yoast-seo-premium-wordpress\/ -->\n<title>Aqua d&#039;Istria parfem za \u017eene 50ml - Esensa Mediterana<\/title>\n<meta name=\"robots\" content=\"index, follow, max-snippet:-1, max-image-preview:large, max-video-preview:-1\" \/>\n<link rel=\"canonical\" href=\"https:\/\/new.esensamediterana.com\/hr\/proizvod\/aqua-distria-parfem-za-zene-50ml\/\" \/>\n<meta property=\"og:locale\" content=\"hr_HR\" \/>\n<meta property=\"og:type\" content=\"article\" \/>\n<meta property=\"og:title\" content=\"Aqua d&#039;Istria parfem za \u017eene 50ml\" \/>\n<meta property=\"og:description\" content=\"Zavodljivi miris koji je kreiran za \u017eene sa karizmom, sna\u017eno se otvara kraljicom mirisnih nota damask ru\u017eom \u010diji stav i o\u0161trinu dopunjava ru\u017ei\u010dasti papar i vo\u0107ni crni ribiz, a razigranost daju vesele citrusne note bergamota i limuna.  Nakon zavodljive i pomalo o\u0161tre gornje note, romanti\u010dno srce parfema ipak odaju cvjetno-vo\u0107ni mirisi s notama\u00a0istarskog jorgovana, pa\u010dulia\u00a0te mirisna zelena jabuka koja ovoj srednjoj noti daje ugodno smirenje.  Bazu parfema ispunjava drvenasti miris prekrasnih nota cedra, ambera povezanog sa senzualnim mo\u0161usom te Styrax \u2013 Sweet Gum aromom blage balzami\u010dne, cvjetne i pomalo za\u010dinske smolaste arome jantara.  U ovoj dobro izbalansiranoj parfemskoj kombinaciji koja ugodno, ali brzo pro\u017eima olfaktorna osjetila na prvi dodir, nitko ne\u0107e ostati neprimije\u0107en ako ga nosi na sebi bez obzira na svoj styling dana.\" \/>\n<meta property=\"og:url\" content=\"https:\/\/new.esensamediterana.com\/hr\/proizvod\/aqua-distria-parfem-za-zene-50ml\/\" \/>\n<meta property=\"og:site_name\" content=\"Esensa Mediterana\" \/>\n<meta property=\"article:publisher\" content=\"https:\/\/www.facebook.com\/EsensaMediterana\" \/>\n<meta property=\"article:modified_time\" content=\"2025-04-28T18:02:27+00:00\" \/>\n<meta name=\"twitter:card\" content=\"summary_large_image\" \/>\n<meta name=\"twitter:label1\" content=\"Procijenjeno vrijeme \u010ditanja\" \/>\n\t<meta name=\"twitter:data1\" content=\"1 minuta\" \/>\n<script type=\"application\/ld+json\" class=\"yoast-schema-graph\">{\"@context\":\"https:\\\/\\\/schema.org\",\"@graph\":[{\"@type\":\"WebPage\",\"@id\":\"https:\\\/\\\/new.esensamediterana.com\\\/hr\\\/proizvod\\\/aqua-distria-parfem-za-zene-50ml\\\/\",\"url\":\"https:\\\/\\\/new.esensamediterana.com\\\/hr\\\/proizvod\\\/aqua-distria-parfem-za-zene-50ml\\\/\",\"name\":\"Aqua d'Istria parfem za \u017eene 50ml - Esensa Mediterana\",\"isPartOf\":{\"@id\":\"https:\\\/\\\/new.esensamediterana.com\\\/hr\\\/#website\"},\"primaryImageOfPage\":{\"@id\":\"https:\\\/\\\/new.esensamediterana.com\\\/hr\\\/proizvod\\\/aqua-distria-parfem-za-zene-50ml\\\/#primaryimage\"},\"image\":{\"@id\":\"https:\\\/\\\/new.esensamediterana.com\\\/hr\\\/proizvod\\\/aqua-distria-parfem-za-zene-50ml\\\/#primaryimage\"},\"thumbnailUrl\":\"https:\\\/\\\/new.esensamediterana.com\\\/wp-content\\\/uploads\\\/2025\\\/04\\\/aqua-di-istria-woman.jpg\",\"datePublished\":\"2025-04-28T17:58:25+00:00\",\"dateModified\":\"2025-04-28T18:02:27+00:00\",\"breadcrumb\":{\"@id\":\"https:\\\/\\\/new.esensamediterana.com\\\/hr\\\/proizvod\\\/aqua-distria-parfem-za-zene-50ml\\\/#breadcrumb\"},\"inLanguage\":\"hr\",\"potentialAction\":[{\"@type\":\"ReadAction\",\"target\":[\"https:\\\/\\\/new.esensamediterana.com\\\/hr\\\/proizvod\\\/aqua-distria-parfem-za-zene-50ml\\\/\"]}]},{\"@type\":\"ImageObject\",\"inLanguage\":\"hr\",\"@id\":\"https:\\\/\\\/new.esensamediterana.com\\\/hr\\\/proizvod\\\/aqua-distria-parfem-za-zene-50ml\\\/#primaryimage\",\"url\":\"https:\\\/\\\/new.esensamediterana.com\\\/wp-content\\\/uploads\\\/2025\\\/04\\\/aqua-di-istria-woman.jpg\",\"contentUrl\":\"https:\\\/\\\/new.esensamediterana.com\\\/wp-content\\\/uploads\\\/2025\\\/04\\\/aqua-di-istria-woman.jpg\",\"width\":832,\"height\":1248},{\"@type\":\"BreadcrumbList\",\"@id\":\"https:\\\/\\\/new.esensamediterana.com\\\/hr\\\/proizvod\\\/aqua-distria-parfem-za-zene-50ml\\\/#breadcrumb\",\"itemListElement\":[{\"@type\":\"ListItem\",\"position\":1,\"name\":\"Home\",\"item\":\"https:\\\/\\\/new.esensamediterana.com\\\/hr\\\/en\\\/\"},{\"@type\":\"ListItem\",\"position\":2,\"name\":\"Trgovina\",\"item\":\"https:\\\/\\\/new.esensamediterana.com\\\/hr\\\/trgovina\\\/\"},{\"@type\":\"ListItem\",\"position\":3,\"name\":\"Aqua d&#8217;Istria parfem za \u017eene 50ml\"}]},{\"@type\":\"WebSite\",\"@id\":\"https:\\\/\\\/new.esensamediterana.com\\\/hr\\\/#website\",\"url\":\"https:\\\/\\\/new.esensamediterana.com\\\/hr\\\/\",\"name\":\"Esensa Mediterana\",\"description\":\"\",\"publisher\":{\"@id\":\"https:\\\/\\\/new.esensamediterana.com\\\/hr\\\/#organization\"},\"potentialAction\":[{\"@type\":\"SearchAction\",\"target\":{\"@type\":\"EntryPoint\",\"urlTemplate\":\"https:\\\/\\\/new.esensamediterana.com\\\/hr\\\/?s={search_term_string}\"},\"query-input\":{\"@type\":\"PropertyValueSpecification\",\"valueRequired\":true,\"valueName\":\"search_term_string\"}}],\"inLanguage\":\"hr\"},{\"@type\":\"Organization\",\"@id\":\"https:\\\/\\\/new.esensamediterana.com\\\/hr\\\/#organization\",\"name\":\"DERMOESTETIK GROUP D.O.O.\",\"url\":\"https:\\\/\\\/new.esensamediterana.com\\\/hr\\\/\",\"logo\":{\"@type\":\"ImageObject\",\"inLanguage\":\"hr\",\"@id\":\"https:\\\/\\\/new.esensamediterana.com\\\/hr\\\/#\\\/schema\\\/logo\\\/image\\\/\",\"url\":\"https:\\\/\\\/new.esensamediterana.com\\\/wp-content\\\/uploads\\\/2026\\\/01\\\/esensa-logo-crni-veliki.png\",\"contentUrl\":\"https:\\\/\\\/new.esensamediterana.com\\\/wp-content\\\/uploads\\\/2026\\\/01\\\/esensa-logo-crni-veliki.png\",\"width\":1056,\"height\":698,\"caption\":\"DERMOESTETIK GROUP D.O.O.\"},\"image\":{\"@id\":\"https:\\\/\\\/new.esensamediterana.com\\\/hr\\\/#\\\/schema\\\/logo\\\/image\\\/\"},\"sameAs\":[\"https:\\\/\\\/www.facebook.com\\\/EsensaMediterana\",\"https:\\\/\\\/www.instagram.com\\\/esensamediteranacroatia\\\/\"]}]}<\/script>\n<!-- \/ Yoast SEO Premium plugin. -->","yoast_head_json":{"title":"Aqua d'Istria parfem za \u017eene 50ml - Esensa Mediterana","robots":{"index":"index","follow":"follow","max-snippet":"max-snippet:-1","max-image-preview":"max-image-preview:large","max-video-preview":"max-video-preview:-1"},"canonical":"https:\/\/new.esensamediterana.com\/hr\/proizvod\/aqua-distria-parfem-za-zene-50ml\/","og_locale":"hr_HR","og_type":"article","og_title":"Aqua d'Istria parfem za \u017eene 50ml","og_description":"Zavodljivi miris koji je kreiran za \u017eene sa karizmom, sna\u017eno se otvara kraljicom mirisnih nota damask ru\u017eom \u010diji stav i o\u0161trinu dopunjava ru\u017ei\u010dasti papar i vo\u0107ni crni ribiz, a razigranost daju vesele citrusne note bergamota i limuna.  Nakon zavodljive i pomalo o\u0161tre gornje note, romanti\u010dno srce parfema ipak odaju cvjetno-vo\u0107ni mirisi s notama\u00a0istarskog jorgovana, pa\u010dulia\u00a0te mirisna zelena jabuka koja ovoj srednjoj noti daje ugodno smirenje.  Bazu parfema ispunjava drvenasti miris prekrasnih nota cedra, ambera povezanog sa senzualnim mo\u0161usom te Styrax \u2013 Sweet Gum aromom blage balzami\u010dne, cvjetne i pomalo za\u010dinske smolaste arome jantara.  U ovoj dobro izbalansiranoj parfemskoj kombinaciji koja ugodno, ali brzo pro\u017eima olfaktorna osjetila na prvi dodir, nitko ne\u0107e ostati neprimije\u0107en ako ga nosi na sebi bez obzira na svoj styling dana.","og_url":"https:\/\/new.esensamediterana.com\/hr\/proizvod\/aqua-distria-parfem-za-zene-50ml\/","og_site_name":"Esensa Mediterana","article_publisher":"https:\/\/www.facebook.com\/EsensaMediterana","article_modified_time":"2025-04-28T18:02:27+00:00","twitter_card":"summary_large_image","twitter_misc":{"Procijenjeno vrijeme \u010ditanja":"1 minuta"},"schema":{"@context":"https:\/\/schema.org","@graph":[{"@type":"WebPage","@id":"https:\/\/new.esensamediterana.com\/hr\/proizvod\/aqua-distria-parfem-za-zene-50ml\/","url":"https:\/\/new.esensamediterana.com\/hr\/proizvod\/aqua-distria-parfem-za-zene-50ml\/","name":"Aqua d'Istria parfem za \u017eene 50ml - Esensa Mediterana","isPartOf":{"@id":"https:\/\/new.esensamediterana.com\/hr\/#website"},"primaryImageOfPage":{"@id":"https:\/\/new.esensamediterana.com\/hr\/proizvod\/aqua-distria-parfem-za-zene-50ml\/#primaryimage"},"image":{"@id":"https:\/\/new.esensamediterana.com\/hr\/proizvod\/aqua-distria-parfem-za-zene-50ml\/#primaryimage"},"thumbnailUrl":"https:\/\/new.esensamediterana.com\/wp-content\/uploads\/2025\/04\/aqua-di-istria-woman.jpg","datePublished":"2025-04-28T17:58:25+00:00","dateModified":"2025-04-28T18:02:27+00:00","breadcrumb":{"@id":"https:\/\/new.esensamediterana.com\/hr\/proizvod\/aqua-distria-parfem-za-zene-50ml\/#breadcrumb"},"inLanguage":"hr","potentialAction":[{"@type":"ReadAction","target":["https:\/\/new.esensamediterana.com\/hr\/proizvod\/aqua-distria-parfem-za-zene-50ml\/"]}]},{"@type":"ImageObject","inLanguage":"hr","@id":"https:\/\/new.esensamediterana.com\/hr\/proizvod\/aqua-distria-parfem-za-zene-50ml\/#primaryimage","url":"https:\/\/new.esensamediterana.com\/wp-content\/uploads\/2025\/04\/aqua-di-istria-woman.jpg","contentUrl":"https:\/\/new.esensamediterana.com\/wp-content\/uploads\/2025\/04\/aqua-di-istria-woman.jpg","width":832,"height":1248},{"@type":"BreadcrumbList","@id":"https:\/\/new.esensamediterana.com\/hr\/proizvod\/aqua-distria-parfem-za-zene-50ml\/#breadcrumb","itemListElement":[{"@type":"ListItem","position":1,"name":"Home","item":"https:\/\/new.esensamediterana.com\/hr\/en\/"},{"@type":"ListItem","position":2,"name":"Trgovina","item":"https:\/\/new.esensamediterana.com\/hr\/trgovina\/"},{"@type":"ListItem","position":3,"name":"Aqua d&#8217;Istria parfem za \u017eene 50ml"}]},{"@type":"WebSite","@id":"https:\/\/new.esensamediterana.com\/hr\/#website","url":"https:\/\/new.esensamediterana.com\/hr\/","name":"Esensa Mediterana","description":"","publisher":{"@id":"https:\/\/new.esensamediterana.com\/hr\/#organization"},"potentialAction":[{"@type":"SearchAction","target":{"@type":"EntryPoint","urlTemplate":"https:\/\/new.esensamediterana.com\/hr\/?s={search_term_string}"},"query-input":{"@type":"PropertyValueSpecification","valueRequired":true,"valueName":"search_term_string"}}],"inLanguage":"hr"},{"@type":"Organization","@id":"https:\/\/new.esensamediterana.com\/hr\/#organization","name":"DERMOESTETIK GROUP D.O.O.","url":"https:\/\/new.esensamediterana.com\/hr\/","logo":{"@type":"ImageObject","inLanguage":"hr","@id":"https:\/\/new.esensamediterana.com\/hr\/#\/schema\/logo\/image\/","url":"https:\/\/new.esensamediterana.com\/wp-content\/uploads\/2026\/01\/esensa-logo-crni-veliki.png","contentUrl":"https:\/\/new.esensamediterana.com\/wp-content\/uploads\/2026\/01\/esensa-logo-crni-veliki.png","width":1056,"height":698,"caption":"DERMOESTETIK GROUP D.O.O."},"image":{"@id":"https:\/\/new.esensamediterana.com\/hr\/#\/schema\/logo\/image\/"},"sameAs":["https:\/\/www.facebook.com\/EsensaMediterana","https:\/\/www.instagram.com\/esensamediteranacroatia\/"]}]}},"_links":{"self":[{"href":"https:\/\/new.esensamediterana.com\/hr\/wp-json\/wp\/v2\/product\/2057","targetHints":{"allow":["GET"]}}],"collection":[{"href":"https:\/\/new.esensamediterana.com\/hr\/wp-json\/wp\/v2\/product"}],"about":[{"href":"https:\/\/new.esensamediterana.com\/hr\/wp-json\/wp\/v2\/types\/product"}],"replies":[{"embeddable":true,"href":"https:\/\/new.esensamediterana.com\/hr\/wp-json\/wp\/v2\/comments?post=2057"}],"wp:featuredmedia":[{"embeddable":true,"href":"https:\/\/new.esensamediterana.com\/hr\/wp-json\/wp\/v2\/media\/2472"}],"wp:attachment":[{"href":"https:\/\/new.esensamediterana.com\/hr\/wp-json\/wp\/v2\/media?parent=2057"}],"wp:term":[{"taxonomy":"product_brand","embeddable":true,"href":"https:\/\/new.esensamediterana.com\/hr\/wp-json\/wp\/v2\/product_brand?post=2057"},{"taxonomy":"product_cat","embeddable":true,"href":"https:\/\/new.esensamediterana.com\/hr\/wp-json\/wp\/v2\/product_cat?post=2057"},{"taxonomy":"product_tag","embeddable":true,"href":"https:\/\/new.esensamediterana.com\/hr\/wp-json\/wp\/v2\/product_tag?post=2057"}],"curies":[{"name":"wp","href":"https:\/\/api.w.org\/{rel}","templated":true}]}}